{"id":2376,"date":"2018-12-26T22:26:15","date_gmt":"2018-12-26T21:26:15","guid":{"rendered":"http:\/\/aniaka.com\/oferta\/pegmatite-avatar\/"},"modified":"2019-01-13T22:10:02","modified_gmt":"2019-01-13T21:10:02","slug":"pegmatite-avatar","status":"publish","type":"product","link":"https:\/\/aniaka.com\/en\/oferta\/pegmatite-avatar\/","title":{"rendered":"Pegmatite Avatar"},"content":{"rendered":"<h1>Pegmatite Avatar<\/h1>\n<p>available in blocks.<\/p>\n<h2 id=\"tablepress-6-name\" class=\"tablepress-table-name tablepress-table-name-id-6\">W\u0142a\u015bciwo\u015bci pegmatytu Avatar<\/h2>\n\n<table id=\"tablepress-6\" class=\"tablepress tablepress-id-6\" aria-labelledby=\"tablepress-6-name\">\n<thead>\n<tr class=\"row-1\">\n\t<th class=\"column-1\">W\u0141A\u015aCIWO\u015aCI<\/th><th class=\"column-2\">JEDNOSTKA<\/th><th class=\"column-3\">WYNIK<\/th>\n<\/tr>\n<\/thead>\n<tbody class=\"row-striping row-hover\">\n<tr class=\"row-2\">\n\t<td class=\"column-1\">Absorpcja wody<\/td><td class=\"column-2\">(%)<\/td><td class=\"column-3\">0,59<\/td>\n<\/tr>\n<tr class=\"row-3\">\n\t<td class=\"column-1\">Pozorna sucha g\u0119sto\u015b\u0107<\/td><td class=\"column-2\">(kg\/m\u00b3)<\/td><td class=\"column-3\">2586<\/td>\n<\/tr>\n<tr class=\"row-4\">\n\t<td class=\"column-1\">Wytrzyma\u0142o\u015b\u0107 na \u015bciskanie<\/td><td class=\"column-2\">(Mpa)<\/td><td class=\"column-3\">96<\/td>\n<\/tr>\n<tr class=\"row-5\">\n\t<td class=\"column-1\">Wytrzyma\u0142o\u015b\u0107 na zginanie<\/td><td class=\"column-2\">(Mpa)<\/td><td class=\"column-3\">3,3<\/td>\n<\/tr>\n<tr class=\"row-6\">\n\t<td class=\"column-1\">Wytrzyma\u0142o\u015b\u0107 na \u015bcieranie<\/td><td class=\"column-2\">(cm\u00b3\/cm\u00b2)<\/td><td class=\"column-3\">\u2013<\/td>\n<\/tr>\n<\/tbody>\n<\/table>\n\n<div id='gallery-1' class='gallery galleryid-2376 gallery-columns-3 gallery-size-large'><figure class='gallery-item'>\n\t\t\t<div class='gallery-icon landscape'>\n\t\t\t\t<a href='https:\/\/aniaka.com\/wp-content\/uploads\/avatar_aplicacoes_04.jpg'><img loading=\"lazy\" decoding=\"async\" width=\"980\" height=\"654\" src=\"https:\/\/aniaka.com\/wp-content\/uploads\/avatar_aplicacoes_04-1024x683.jpg\" class=\"attachment-large size-large\" alt=\"pegmatyt Avatar\" aria-describedby=\"gallery-1-750\" srcset=\"https:\/\/aniaka.com\/wp-content\/uploads\/avatar_aplicacoes_04-1024x683.jpg 1024w, https:\/\/aniaka.com\/wp-content\/uploads\/avatar_aplicacoes_04-500x333.jpg 500w, https:\/\/aniaka.com\/wp-content\/uploads\/avatar_aplicacoes_04-768x512.jpg 768w, https:\/\/aniaka.com\/wp-content\/uploads\/avatar_aplicacoes_04-750x500.jpg 750w, https:\/\/aniaka.com\/wp-content\/uploads\/avatar_aplicacoes_04-555x370.jpg 555w, https:\/\/aniaka.com\/wp-content\/uploads\/avatar_aplicacoes_04.jpg 1080w\" sizes=\"auto, (max-width: 980px) 100vw, 980px\" \/><\/a>\n\t\t\t<\/div>\n\t\t\t\t<figcaption class='wp-caption-text gallery-caption' id='gallery-1-750'>\n\t\t\t\tpegmatyt Avatar\n\t\t\t\t<\/figcaption><\/figure><figure class='gallery-item'>\n\t\t\t<div class='gallery-icon landscape'>\n\t\t\t\t<a href='https:\/\/aniaka.com\/wp-content\/uploads\/Avatar_09.jpg'><img loading=\"lazy\" decoding=\"async\" width=\"980\" height=\"654\" src=\"https:\/\/aniaka.com\/wp-content\/uploads\/Avatar_09-1024x683.jpg\" class=\"attachment-large size-large\" alt=\"pegmatyt Avatar\" aria-describedby=\"gallery-1-747\" srcset=\"https:\/\/aniaka.com\/wp-content\/uploads\/Avatar_09-1024x683.jpg 1024w, https:\/\/aniaka.com\/wp-content\/uploads\/Avatar_09-500x333.jpg 500w, https:\/\/aniaka.com\/wp-content\/uploads\/Avatar_09-768x512.jpg 768w, https:\/\/aniaka.com\/wp-content\/uploads\/Avatar_09-750x500.jpg 750w, https:\/\/aniaka.com\/wp-content\/uploads\/Avatar_09-555x370.jpg 555w, https:\/\/aniaka.com\/wp-content\/uploads\/Avatar_09.jpg 1080w\" sizes=\"auto, (max-width: 980px) 100vw, 980px\" \/><\/a>\n\t\t\t<\/div>\n\t\t\t\t<figcaption class='wp-caption-text gallery-caption' id='gallery-1-747'>\n\t\t\t\tpegmatyt Avatar\n\t\t\t\t<\/figcaption><\/figure><figure class='gallery-item'>\n\t\t\t<div class='gallery-icon landscape'>\n\t\t\t\t<a href='https:\/\/aniaka.com\/wp-content\/uploads\/Avatar_11.jpg'><img loading=\"lazy\" decoding=\"async\" width=\"980\" height=\"654\" src=\"https:\/\/aniaka.com\/wp-content\/uploads\/Avatar_11-1024x683.jpg\" class=\"attachment-large size-large\" alt=\"pegmatyt Avatar\" aria-describedby=\"gallery-1-748\" srcset=\"https:\/\/aniaka.com\/wp-content\/uploads\/Avatar_11-1024x683.jpg 1024w, https:\/\/aniaka.com\/wp-content\/uploads\/Avatar_11-500x333.jpg 500w, https:\/\/aniaka.com\/wp-content\/uploads\/Avatar_11-768x512.jpg 768w, https:\/\/aniaka.com\/wp-content\/uploads\/Avatar_11-750x500.jpg 750w, https:\/\/aniaka.com\/wp-content\/uploads\/Avatar_11-555x370.jpg 555w, https:\/\/aniaka.com\/wp-content\/uploads\/Avatar_11.jpg 1080w\" sizes=\"auto, (max-width: 980px) 100vw, 980px\" \/><\/a>\n\t\t\t<\/div>\n\t\t\t\t<figcaption class='wp-caption-text gallery-caption' id='gallery-1-748'>\n\t\t\t\tpegmatyt Avatar\n\t\t\t\t<\/figcaption><\/figure><figure class='gallery-item'>\n\t\t\t<div class='gallery-icon landscape'>\n\t\t\t\t<a href='https:\/\/aniaka.com\/wp-content\/uploads\/avatar_aplicacoes_03.jpg'><img loading=\"lazy\" decoding=\"async\" width=\"980\" height=\"654\" src=\"https:\/\/aniaka.com\/wp-content\/uploads\/avatar_aplicacoes_03-1024x683.jpg\" class=\"attachment-large size-large\" alt=\"pegmatyt Avatar\" aria-describedby=\"gallery-1-749\" srcset=\"https:\/\/aniaka.com\/wp-content\/uploads\/avatar_aplicacoes_03-1024x683.jpg 1024w, https:\/\/aniaka.com\/wp-content\/uploads\/avatar_aplicacoes_03-500x333.jpg 500w, https:\/\/aniaka.com\/wp-content\/uploads\/avatar_aplicacoes_03-768x512.jpg 768w, https:\/\/aniaka.com\/wp-content\/uploads\/avatar_aplicacoes_03-750x500.jpg 750w, https:\/\/aniaka.com\/wp-content\/uploads\/avatar_aplicacoes_03-555x370.jpg 555w, https:\/\/aniaka.com\/wp-content\/uploads\/avatar_aplicacoes_03.jpg 1080w\" sizes=\"auto, (max-width: 980px) 100vw, 980px\" \/><\/a>\n\t\t\t<\/div>\n\t\t\t\t<figcaption class='wp-caption-text gallery-caption' id='gallery-1-749'>\n\t\t\t\tpegmatyt Avatar\n\t\t\t\t<\/figcaption><\/figure><figure class='gallery-item'>\n\t\t\t<div class='gallery-icon landscape'>\n\t\t\t\t<a href='https:\/\/aniaka.com\/wp-content\/uploads\/Avatar_08.jpg'><img loading=\"lazy\" decoding=\"async\" width=\"980\" height=\"654\" src=\"https:\/\/aniaka.com\/wp-content\/uploads\/Avatar_08-1024x683.jpg\" class=\"attachment-large size-large\" alt=\"pegmatyt Avatar\" aria-describedby=\"gallery-1-746\" srcset=\"https:\/\/aniaka.com\/wp-content\/uploads\/Avatar_08-1024x683.jpg 1024w, https:\/\/aniaka.com\/wp-content\/uploads\/Avatar_08-500x333.jpg 500w, https:\/\/aniaka.com\/wp-content\/uploads\/Avatar_08-768x512.jpg 768w, https:\/\/aniaka.com\/wp-content\/uploads\/Avatar_08-750x500.jpg 750w, https:\/\/aniaka.com\/wp-content\/uploads\/Avatar_08-555x370.jpg 555w, https:\/\/aniaka.com\/wp-content\/uploads\/Avatar_08.jpg 1080w\" sizes=\"auto, (max-width: 980px) 100vw, 980px\" \/><\/a>\n\t\t\t<\/div>\n\t\t\t\t<figcaption class='wp-caption-text gallery-caption' id='gallery-1-746'>\n\t\t\t\tpegmatyt Avatar\n\t\t\t\t<\/figcaption><\/figure>\n\t\t<\/div>\n\n","protected":false},"excerpt":{"rendered":"<p>Pegmatite Avatar<\/p>\n","protected":false},"featured_media":2384,"template":"","meta":[],"product_brand":[],"product_cat":[63,28],"product_tag":[],"class_list":{"0":"post-2376","1":"product","2":"type-product","3":"status-publish","4":"has-post-thumbnail","6":"product_cat-pegmatyt","7":"product_cat-brazylia","8":"pa_forma-bloki","9":"pa_material-pegmatyt","10":"pa_pochodzenie-brazylia","12":"first","13":"onbackorder","14":"taxable","15":"shipping-taxable","16":"purchasable","17":"product-type-variable","18":"has-default-attributes"},"_links":{"self":[{"href":"https:\/\/aniaka.com\/en\/wp-json\/wp\/v2\/product\/2376\/"}],"collection":[{"href":"https:\/\/aniaka.com\/en\/wp-json\/wp\/v2\/product\/"}],"about":[{"href":"https:\/\/aniaka.com\/en\/wp-json\/wp\/v2\/types\/product\/"}],"wp:featuredmedia":[{"embeddable":true,"href":"https:\/\/aniaka.com\/en\/wp-json\/wp\/v2\/media\/2384\/"}],"wp:attachment":[{"href":"https:\/\/aniaka.com\/en\/wp-json\/wp\/v2\/media\/?parent=2376"}],"wp:term":[{"taxonomy":"product_brand","embeddable":true,"href":"https:\/\/aniaka.com\/en\/wp-json\/wp\/v2\/product_brand\/?post=2376"},{"taxonomy":"product_cat","embeddable":true,"href":"https:\/\/aniaka.com\/en\/wp-json\/wp\/v2\/product_cat\/?post=2376"},{"taxonomy":"product_tag","embeddable":true,"href":"https:\/\/aniaka.com\/en\/wp-json\/wp\/v2\/product_tag\/?post=2376"}],"curies":[{"name":"wp","href":"https:\/\/api.w.org\/{rel}","templated":true}]}}