{"id":1887,"date":"2018-12-26T23:08:31","date_gmt":"2018-12-26T22:08:31","guid":{"rendered":"http:\/\/aniaka.com\/oferta\/granite-betularie\/"},"modified":"2019-01-13T22:06:17","modified_gmt":"2019-01-13T21:06:17","slug":"granite-betularie","status":"publish","type":"product","link":"https:\/\/aniaka.com\/en\/oferta\/granite-betularie\/","title":{"rendered":"Granite Betularie"},"content":{"rendered":"<h1>Granite Betularie<\/h1>\n<p>available in blocks.<\/p>\n<h2 id=\"tablepress-9-name\" class=\"tablepress-table-name tablepress-table-name-id-9\">W\u0142a\u015bciwo\u015bci granitu Betularie<\/h2>\n\n<table id=\"tablepress-9\" class=\"tablepress tablepress-id-9\" aria-labelledby=\"tablepress-9-name\">\n<thead>\n<tr class=\"row-1\">\n\t<th class=\"column-1\">W\u0141A\u015aCIWO\u015aCI<\/th><th class=\"column-2\">JEDNOSTKA<\/th><th class=\"column-3\">WYNIK<\/th>\n<\/tr>\n<\/thead>\n<tbody class=\"row-striping row-hover\">\n<tr class=\"row-2\">\n\t<td class=\"column-1\">Absorpcja wody<\/td><td class=\"column-2\">(%)<\/td><td class=\"column-3\">0,29<\/td>\n<\/tr>\n<tr class=\"row-3\">\n\t<td class=\"column-1\">Pozorna sucha g\u0119sto\u015b\u0107<\/td><td class=\"column-2\">(kg\/m\u00b3)<\/td><td class=\"column-3\">2600<\/td>\n<\/tr>\n<tr class=\"row-4\">\n\t<td class=\"column-1\">Wytrzyma\u0142o\u015b\u0107 na \u015bciskanie<\/td><td class=\"column-2\">(Mpa)<\/td><td class=\"column-3\">59<\/td>\n<\/tr>\n<tr class=\"row-5\">\n\t<td class=\"column-1\">Wytrzyma\u0142o\u015b\u0107 na zginanie<\/td><td class=\"column-2\">(Mpa)<\/td><td class=\"column-3\">4,70<\/td>\n<\/tr>\n<tr class=\"row-6\">\n\t<td class=\"column-1\">Wytrzyma\u0142o\u015b\u0107 na \u015bcieranie<\/td><td class=\"column-2\">(cm\u00b3\/cm\u00b2)<\/td><td class=\"column-3\">0,004<\/td>\n<\/tr>\n<\/tbody>\n<\/table>\n\n<div id='gallery-1' class='gallery galleryid-1887 gallery-columns-3 gallery-size-large'><figure class='gallery-item'>\n\t\t\t<div class='gallery-icon landscape'>\n\t\t\t\t<a href='https:\/\/aniaka.com\/wp-content\/uploads\/betularie_aplicacoes_02.jpg'><img loading=\"lazy\" decoding=\"async\" width=\"980\" height=\"654\" src=\"https:\/\/aniaka.com\/wp-content\/uploads\/betularie_aplicacoes_02-1024x683.jpg\" class=\"attachment-large size-large\" alt=\"kwarcyt betularie\" aria-describedby=\"gallery-1-796\" srcset=\"https:\/\/aniaka.com\/wp-content\/uploads\/betularie_aplicacoes_02-1024x683.jpg 1024w, https:\/\/aniaka.com\/wp-content\/uploads\/betularie_aplicacoes_02-500x333.jpg 500w, https:\/\/aniaka.com\/wp-content\/uploads\/betularie_aplicacoes_02-768x512.jpg 768w, https:\/\/aniaka.com\/wp-content\/uploads\/betularie_aplicacoes_02-750x500.jpg 750w, https:\/\/aniaka.com\/wp-content\/uploads\/betularie_aplicacoes_02-555x370.jpg 555w, https:\/\/aniaka.com\/wp-content\/uploads\/betularie_aplicacoes_02.jpg 1080w\" sizes=\"auto, (max-width: 980px) 100vw, 980px\" \/><\/a>\n\t\t\t<\/div>\n\t\t\t\t<figcaption class='wp-caption-text gallery-caption' id='gallery-1-796'>\n\t\t\t\tkwarcyt betularie\n\t\t\t\t<\/figcaption><\/figure><figure class='gallery-item'>\n\t\t\t<div class='gallery-icon landscape'>\n\t\t\t\t<a href='https:\/\/aniaka.com\/wp-content\/uploads\/betularie_aplicacoes_08.jpg'><img loading=\"lazy\" decoding=\"async\" width=\"980\" height=\"654\" src=\"https:\/\/aniaka.com\/wp-content\/uploads\/betularie_aplicacoes_08-1024x683.jpg\" class=\"attachment-large size-large\" alt=\"\" srcset=\"https:\/\/aniaka.com\/wp-content\/uploads\/betularie_aplicacoes_08-1024x683.jpg 1024w, https:\/\/aniaka.com\/wp-content\/uploads\/betularie_aplicacoes_08-500x333.jpg 500w, https:\/\/aniaka.com\/wp-content\/uploads\/betularie_aplicacoes_08-768x512.jpg 768w, https:\/\/aniaka.com\/wp-content\/uploads\/betularie_aplicacoes_08-750x500.jpg 750w, https:\/\/aniaka.com\/wp-content\/uploads\/betularie_aplicacoes_08-555x370.jpg 555w, https:\/\/aniaka.com\/wp-content\/uploads\/betularie_aplicacoes_08.jpg 1080w\" sizes=\"auto, (max-width: 980px) 100vw, 980px\" \/><\/a>\n\t\t\t<\/div><\/figure><figure class='gallery-item'>\n\t\t\t<div class='gallery-icon landscape'>\n\t\t\t\t<a href='https:\/\/aniaka.com\/wp-content\/uploads\/betularie_aplicacoes_04.jpg'><img loading=\"lazy\" decoding=\"async\" width=\"980\" height=\"654\" src=\"https:\/\/aniaka.com\/wp-content\/uploads\/betularie_aplicacoes_04-1024x683.jpg\" class=\"attachment-large size-large\" alt=\"kwarcyt betularie\" aria-describedby=\"gallery-1-798\" srcset=\"https:\/\/aniaka.com\/wp-content\/uploads\/betularie_aplicacoes_04-1024x683.jpg 1024w, https:\/\/aniaka.com\/wp-content\/uploads\/betularie_aplicacoes_04-500x333.jpg 500w, https:\/\/aniaka.com\/wp-content\/uploads\/betularie_aplicacoes_04-768x512.jpg 768w, https:\/\/aniaka.com\/wp-content\/uploads\/betularie_aplicacoes_04-750x500.jpg 750w, https:\/\/aniaka.com\/wp-content\/uploads\/betularie_aplicacoes_04-555x370.jpg 555w, https:\/\/aniaka.com\/wp-content\/uploads\/betularie_aplicacoes_04.jpg 1080w\" sizes=\"auto, (max-width: 980px) 100vw, 980px\" \/><\/a>\n\t\t\t<\/div>\n\t\t\t\t<figcaption class='wp-caption-text gallery-caption' id='gallery-1-798'>\n\t\t\t\tkwarcyt betularie\n\t\t\t\t<\/figcaption><\/figure><figure class='gallery-item'>\n\t\t\t<div class='gallery-icon landscape'>\n\t\t\t\t<a href='https:\/\/aniaka.com\/wp-content\/uploads\/betularie_aplicacoes_03.jpg'><img loading=\"lazy\" decoding=\"async\" width=\"980\" height=\"654\" src=\"https:\/\/aniaka.com\/wp-content\/uploads\/betularie_aplicacoes_03-1024x683.jpg\" class=\"attachment-large size-large\" alt=\"kwarcyt betularie\" aria-describedby=\"gallery-1-797\" srcset=\"https:\/\/aniaka.com\/wp-content\/uploads\/betularie_aplicacoes_03-1024x683.jpg 1024w, https:\/\/aniaka.com\/wp-content\/uploads\/betularie_aplicacoes_03-500x333.jpg 500w, https:\/\/aniaka.com\/wp-content\/uploads\/betularie_aplicacoes_03-768x512.jpg 768w, https:\/\/aniaka.com\/wp-content\/uploads\/betularie_aplicacoes_03-750x500.jpg 750w, https:\/\/aniaka.com\/wp-content\/uploads\/betularie_aplicacoes_03-555x370.jpg 555w, https:\/\/aniaka.com\/wp-content\/uploads\/betularie_aplicacoes_03.jpg 1080w\" sizes=\"auto, (max-width: 980px) 100vw, 980px\" \/><\/a>\n\t\t\t<\/div>\n\t\t\t\t<figcaption class='wp-caption-text gallery-caption' id='gallery-1-797'>\n\t\t\t\tkwarcyt betularie\n\t\t\t\t<\/figcaption><\/figure><figure class='gallery-item'>\n\t\t\t<div class='gallery-icon landscape'>\n\t\t\t\t<a href='https:\/\/aniaka.com\/wp-content\/uploads\/betularie_aplicacoes_06.jpg'><img loading=\"lazy\" decoding=\"async\" width=\"980\" height=\"654\" src=\"https:\/\/aniaka.com\/wp-content\/uploads\/betularie_aplicacoes_06-1024x683.jpg\" class=\"attachment-large size-large\" alt=\"kwarcyt betularie\" aria-describedby=\"gallery-1-800\" srcset=\"https:\/\/aniaka.com\/wp-content\/uploads\/betularie_aplicacoes_06-1024x683.jpg 1024w, https:\/\/aniaka.com\/wp-content\/uploads\/betularie_aplicacoes_06-500x333.jpg 500w, https:\/\/aniaka.com\/wp-content\/uploads\/betularie_aplicacoes_06-768x512.jpg 768w, https:\/\/aniaka.com\/wp-content\/uploads\/betularie_aplicacoes_06-750x500.jpg 750w, https:\/\/aniaka.com\/wp-content\/uploads\/betularie_aplicacoes_06-555x370.jpg 555w, https:\/\/aniaka.com\/wp-content\/uploads\/betularie_aplicacoes_06.jpg 1080w\" sizes=\"auto, (max-width: 980px) 100vw, 980px\" \/><\/a>\n\t\t\t<\/div>\n\t\t\t\t<figcaption class='wp-caption-text gallery-caption' id='gallery-1-800'>\n\t\t\t\tkwarcyt betularie\n\t\t\t\t<\/figcaption><\/figure><figure class='gallery-item'>\n\t\t\t<div class='gallery-icon landscape'>\n\t\t\t\t<a href='https:\/\/aniaka.com\/wp-content\/uploads\/betularie_aplicacoes_01.jpg'><img loading=\"lazy\" decoding=\"async\" width=\"980\" height=\"654\" src=\"https:\/\/aniaka.com\/wp-content\/uploads\/betularie_aplicacoes_01-1024x683.jpg\" class=\"attachment-large size-large\" alt=\"kwarcyt betularie\" aria-describedby=\"gallery-1-795\" srcset=\"https:\/\/aniaka.com\/wp-content\/uploads\/betularie_aplicacoes_01-1024x683.jpg 1024w, https:\/\/aniaka.com\/wp-content\/uploads\/betularie_aplicacoes_01-500x333.jpg 500w, https:\/\/aniaka.com\/wp-content\/uploads\/betularie_aplicacoes_01-768x512.jpg 768w, https:\/\/aniaka.com\/wp-content\/uploads\/betularie_aplicacoes_01-750x500.jpg 750w, https:\/\/aniaka.com\/wp-content\/uploads\/betularie_aplicacoes_01-555x370.jpg 555w, https:\/\/aniaka.com\/wp-content\/uploads\/betularie_aplicacoes_01.jpg 1080w\" sizes=\"auto, (max-width: 980px) 100vw, 980px\" \/><\/a>\n\t\t\t<\/div>\n\t\t\t\t<figcaption class='wp-caption-text gallery-caption' id='gallery-1-795'>\n\t\t\t\tkwarcyt betularie\n\t\t\t\t<\/figcaption><\/figure><figure class='gallery-item'>\n\t\t\t<div class='gallery-icon landscape'>\n\t\t\t\t<a href='https:\/\/aniaka.com\/wp-content\/uploads\/betularie_aplicacoes_05.jpg'><img loading=\"lazy\" decoding=\"async\" width=\"980\" height=\"654\" src=\"https:\/\/aniaka.com\/wp-content\/uploads\/betularie_aplicacoes_05-1024x683.jpg\" class=\"attachment-large size-large\" alt=\"kwarcyt betularie\" aria-describedby=\"gallery-1-799\" srcset=\"https:\/\/aniaka.com\/wp-content\/uploads\/betularie_aplicacoes_05-1024x683.jpg 1024w, https:\/\/aniaka.com\/wp-content\/uploads\/betularie_aplicacoes_05-500x333.jpg 500w, https:\/\/aniaka.com\/wp-content\/uploads\/betularie_aplicacoes_05-768x512.jpg 768w, https:\/\/aniaka.com\/wp-content\/uploads\/betularie_aplicacoes_05-750x500.jpg 750w, https:\/\/aniaka.com\/wp-content\/uploads\/betularie_aplicacoes_05-555x370.jpg 555w, https:\/\/aniaka.com\/wp-content\/uploads\/betularie_aplicacoes_05.jpg 1080w\" sizes=\"auto, (max-width: 980px) 100vw, 980px\" \/><\/a>\n\t\t\t<\/div>\n\t\t\t\t<figcaption class='wp-caption-text gallery-caption' id='gallery-1-799'>\n\t\t\t\tkwarcyt betularie\n\t\t\t\t<\/figcaption><\/figure>\n\t\t<\/div>\n\n","protected":false},"excerpt":{"rendered":"<p>Granite Betularie<\/p>\n<p>&nbsp;<\/p>\n","protected":false},"featured_media":1888,"template":"","meta":[],"product_brand":[],"product_cat":[19,28],"product_tag":[],"class_list":{"0":"post-1887","1":"product","2":"type-product","3":"status-publish","4":"has-post-thumbnail","6":"product_cat-granit","7":"product_cat-brazylia","8":"pa_forma-bloki","9":"pa_material-granit","10":"pa_pochodzenie-brazylia","12":"first","13":"onbackorder","14":"taxable","15":"shipping-taxable","16":"purchasable","17":"product-type-variable","18":"has-default-attributes"},"_links":{"self":[{"href":"https:\/\/aniaka.com\/en\/wp-json\/wp\/v2\/product\/1887\/"}],"collection":[{"href":"https:\/\/aniaka.com\/en\/wp-json\/wp\/v2\/product\/"}],"about":[{"href":"https:\/\/aniaka.com\/en\/wp-json\/wp\/v2\/types\/product\/"}],"wp:featuredmedia":[{"embeddable":true,"href":"https:\/\/aniaka.com\/en\/wp-json\/wp\/v2\/media\/1888\/"}],"wp:attachment":[{"href":"https:\/\/aniaka.com\/en\/wp-json\/wp\/v2\/media\/?parent=1887"}],"wp:term":[{"taxonomy":"product_brand","embeddable":true,"href":"https:\/\/aniaka.com\/en\/wp-json\/wp\/v2\/product_brand\/?post=1887"},{"taxonomy":"product_cat","embeddable":true,"href":"https:\/\/aniaka.com\/en\/wp-json\/wp\/v2\/product_cat\/?post=1887"},{"taxonomy":"product_tag","embeddable":true,"href":"https:\/\/aniaka.com\/en\/wp-json\/wp\/v2\/product_tag\/?post=1887"}],"curies":[{"name":"wp","href":"https:\/\/api.w.org\/{rel}","templated":true}]}}