{"id":1710,"date":"2018-12-27T00:36:46","date_gmt":"2018-12-26T23:36:46","guid":{"rendered":"http:\/\/aniaka.com\/oferta\/quartzite-carpaccio\/"},"modified":"2019-01-13T22:05:22","modified_gmt":"2019-01-13T21:05:22","slug":"quartzite-carpaccio","status":"publish","type":"product","link":"https:\/\/aniaka.com\/en\/oferta\/quartzite-carpaccio\/","title":{"rendered":"Quartzite Carpaccio"},"content":{"rendered":"<h1>Quartzite Carpaccio<\/h1>\n<p>available in blocks.<\/p>\n<h2 id=\"tablepress-12-name\" class=\"tablepress-table-name tablepress-table-name-id-12\">W\u0142a\u015bciwo\u015bci kwarcytu Carpaccio<\/h2>\n\n<table id=\"tablepress-12\" class=\"tablepress tablepress-id-12\" aria-labelledby=\"tablepress-12-name\">\n<thead>\n<tr class=\"row-1\">\n\t<th class=\"column-1\">W\u0141A\u015aCIWO\u015aCI<\/th><th class=\"column-2\">JEDNOSTKA<\/th><th class=\"column-3\">WYNIK<\/th>\n<\/tr>\n<\/thead>\n<tbody class=\"row-striping row-hover\">\n<tr class=\"row-2\">\n\t<td class=\"column-1\">Absorpcja wody<\/td><td class=\"column-2\">(%)<\/td><td class=\"column-3\">0,21<\/td>\n<\/tr>\n<tr class=\"row-3\">\n\t<td class=\"column-1\">Pozorna sucha g\u0119sto\u015b\u0107<\/td><td class=\"column-2\">(kg\/m\u00b3)<\/td><td class=\"column-3\">2631<\/td>\n<\/tr>\n<tr class=\"row-4\">\n\t<td class=\"column-1\">Wytrzyma\u0142o\u015b\u0107 na \u015bciskanie<\/td><td class=\"column-2\">(Mpa)<\/td><td class=\"column-3\">86<\/td>\n<\/tr>\n<tr class=\"row-5\">\n\t<td class=\"column-1\">Wytrzyma\u0142o\u015b\u0107 na zginanie<\/td><td class=\"column-2\">(Mpa)<\/td><td class=\"column-3\">8,37<\/td>\n<\/tr>\n<tr class=\"row-6\">\n\t<td class=\"column-1\">Wytrzyma\u0142o\u015b\u0107 na \u015bcieranie<\/td><td class=\"column-2\">(cm\u00b3\/cm\u00b2)<\/td><td class=\"column-3\">0,008<\/td>\n<\/tr>\n<\/tbody>\n<\/table>\n<!-- #tablepress-12 from cache -->\n<figure id=\"attachment_847\" aria-describedby=\"caption-attachment-847\" style=\"width: 980px\" class=\"wp-caption alignnone\"><img loading=\"lazy\" decoding=\"async\" class=\"size-large wp-image-847\" src=\"http:\/\/aniaka.com\/wp-content\/uploads\/\/carpaccio_04-1024x683.jpg\" alt=\"Quartzite Carpaccio\" width=\"980\" height=\"654\" srcset=\"https:\/\/aniaka.com\/wp-content\/uploads\/carpaccio_04-1024x683.jpg 1024w, https:\/\/aniaka.com\/wp-content\/uploads\/carpaccio_04-500x333.jpg 500w, https:\/\/aniaka.com\/wp-content\/uploads\/carpaccio_04-768x512.jpg 768w, https:\/\/aniaka.com\/wp-content\/uploads\/carpaccio_04-750x500.jpg 750w, https:\/\/aniaka.com\/wp-content\/uploads\/carpaccio_04-555x370.jpg 555w, https:\/\/aniaka.com\/wp-content\/uploads\/carpaccio_04.jpg 1080w\" sizes=\"auto, (max-width: 980px) 100vw, 980px\" \/><figcaption id=\"caption-attachment-847\" class=\"wp-caption-text\">Quartzite Carpaccio<\/figcaption><\/figure>\n","protected":false},"excerpt":{"rendered":"<p>Quartzite Carpaccio<\/p>\n<p>&nbsp;<\/p>\n","protected":false},"featured_media":1711,"template":"","meta":[],"product_brand":[],"product_cat":[21,28],"product_tag":[],"class_list":{"0":"post-1710","1":"product","2":"type-product","3":"status-publish","4":"has-post-thumbnail","6":"product_cat-kwarcyt","7":"product_cat-brazylia","8":"pa_forma-bloki","9":"pa_material-kwarcyt","10":"pa_pochodzenie-brazylia","12":"first","13":"onbackorder","14":"taxable","15":"shipping-taxable","16":"purchasable","17":"product-type-variable","18":"has-default-attributes"},"_links":{"self":[{"href":"https:\/\/aniaka.com\/en\/wp-json\/wp\/v2\/product\/1710\/"}],"collection":[{"href":"https:\/\/aniaka.com\/en\/wp-json\/wp\/v2\/product\/"}],"about":[{"href":"https:\/\/aniaka.com\/en\/wp-json\/wp\/v2\/types\/product\/"}],"wp:featuredmedia":[{"embeddable":true,"href":"https:\/\/aniaka.com\/en\/wp-json\/wp\/v2\/media\/1711\/"}],"wp:attachment":[{"href":"https:\/\/aniaka.com\/en\/wp-json\/wp\/v2\/media\/?parent=1710"}],"wp:term":[{"taxonomy":"product_brand","embeddable":true,"href":"https:\/\/aniaka.com\/en\/wp-json\/wp\/v2\/product_brand\/?post=1710"},{"taxonomy":"product_cat","embeddable":true,"href":"https:\/\/aniaka.com\/en\/wp-json\/wp\/v2\/product_cat\/?post=1710"},{"taxonomy":"product_tag","embeddable":true,"href":"https:\/\/aniaka.com\/en\/wp-json\/wp\/v2\/product_tag\/?post=1710"}],"curies":[{"name":"wp","href":"https:\/\/api.w.org\/{rel}","templated":true}]}}