{"id":1647,"date":"2019-01-07T22:48:05","date_gmt":"2019-01-07T21:48:05","guid":{"rendered":"http:\/\/aniaka.com\/oferta\/quartzite-lumix\/"},"modified":"2019-01-13T22:05:22","modified_gmt":"2019-01-13T21:05:22","slug":"quartzite-lumix","status":"publish","type":"product","link":"https:\/\/aniaka.com\/en\/oferta\/quartzite-lumix\/","title":{"rendered":"Quartzite Lumix"},"content":{"rendered":"<h1>Quartzite Lumix<\/h1>\n<p>available in blocks.<\/p>\n<h2 id=\"tablepress-18-name\" class=\"tablepress-table-name tablepress-table-name-id-18\">W\u0142a\u015bciwo\u015bci kwarcytu Lumix<\/h2>\n\n<table id=\"tablepress-18\" class=\"tablepress tablepress-id-18\" aria-labelledby=\"tablepress-18-name\">\n<thead>\n<tr class=\"row-1\">\n\t<th class=\"column-1\">W\u0141A\u015aCIWO\u015aCI<\/th><th class=\"column-2\">JEDNOSTKA<\/th><th class=\"column-3\">WYNIK<\/th>\n<\/tr>\n<\/thead>\n<tbody class=\"row-striping row-hover\">\n<tr class=\"row-2\">\n\t<td class=\"column-1\">Absorpcja wody<\/td><td class=\"column-2\">(%)<\/td><td class=\"column-3\">0,40<\/td>\n<\/tr>\n<tr class=\"row-3\">\n\t<td class=\"column-1\">Pozorna sucha g\u0119sto\u015b\u0107<\/td><td class=\"column-2\">(kg\/m\u00b3)<\/td><td class=\"column-3\">2560<\/td>\n<\/tr>\n<tr class=\"row-4\">\n\t<td class=\"column-1\">Wytrzyma\u0142o\u015b\u0107 na \u015bciskanie<\/td><td class=\"column-2\">(Mpa)<\/td><td class=\"column-3\">131<\/td>\n<\/tr>\n<tr class=\"row-5\">\n\t<td class=\"column-1\">Wytrzyma\u0142o\u015b\u0107 na zginanie<\/td><td class=\"column-2\">(Mpa)<\/td><td class=\"column-3\">10,3<\/td>\n<\/tr>\n<tr class=\"row-6\">\n\t<td class=\"column-1\">Wytrzyma\u0142o\u015b\u0107 na \u015bcieranie<\/td><td class=\"column-2\">(cm\u00b3\/cm\u00b2)<\/td><td class=\"column-3\">0,011<\/td>\n<\/tr>\n<\/tbody>\n<\/table>\n<!-- #tablepress-18 from cache -->\n<div id='gallery-1' class='gallery galleryid-1647 gallery-columns-3 gallery-size-large'><figure class='gallery-item'>\n\t\t\t<div class='gallery-icon landscape'>\n\t\t\t\t<a href='https:\/\/aniaka.com\/wp-content\/uploads\/lumix_aplicacoes_15.jpg'><img loading=\"lazy\" decoding=\"async\" width=\"980\" height=\"654\" src=\"https:\/\/aniaka.com\/wp-content\/uploads\/lumix_aplicacoes_15-1024x683.jpg\" class=\"attachment-large size-large\" alt=\"kwarcyt Lumix\" aria-describedby=\"gallery-1-1008\" srcset=\"https:\/\/aniaka.com\/wp-content\/uploads\/lumix_aplicacoes_15-1024x683.jpg 1024w, https:\/\/aniaka.com\/wp-content\/uploads\/lumix_aplicacoes_15-500x333.jpg 500w, https:\/\/aniaka.com\/wp-content\/uploads\/lumix_aplicacoes_15-768x512.jpg 768w, https:\/\/aniaka.com\/wp-content\/uploads\/lumix_aplicacoes_15-750x500.jpg 750w, https:\/\/aniaka.com\/wp-content\/uploads\/lumix_aplicacoes_15-555x370.jpg 555w, https:\/\/aniaka.com\/wp-content\/uploads\/lumix_aplicacoes_15.jpg 1080w\" sizes=\"auto, (max-width: 980px) 100vw, 980px\" \/><\/a>\n\t\t\t<\/div>\n\t\t\t\t<figcaption class='wp-caption-text gallery-caption' id='gallery-1-1008'>\n\t\t\t\tkwarcyt Lumix\n\t\t\t\t<\/figcaption><\/figure><figure class='gallery-item'>\n\t\t\t<div class='gallery-icon landscape'>\n\t\t\t\t<a href='https:\/\/aniaka.com\/wp-content\/uploads\/lumix_aplicacoes_11.jpg'><img loading=\"lazy\" decoding=\"async\" width=\"980\" height=\"654\" src=\"https:\/\/aniaka.com\/wp-content\/uploads\/lumix_aplicacoes_11-1024x683.jpg\" class=\"attachment-large size-large\" alt=\"kwarcyt Lumix\" aria-describedby=\"gallery-1-1004\" srcset=\"https:\/\/aniaka.com\/wp-content\/uploads\/lumix_aplicacoes_11-1024x683.jpg 1024w, https:\/\/aniaka.com\/wp-content\/uploads\/lumix_aplicacoes_11-500x333.jpg 500w, https:\/\/aniaka.com\/wp-content\/uploads\/lumix_aplicacoes_11-768x512.jpg 768w, https:\/\/aniaka.com\/wp-content\/uploads\/lumix_aplicacoes_11-750x500.jpg 750w, https:\/\/aniaka.com\/wp-content\/uploads\/lumix_aplicacoes_11-555x370.jpg 555w, https:\/\/aniaka.com\/wp-content\/uploads\/lumix_aplicacoes_11.jpg 1080w\" sizes=\"auto, (max-width: 980px) 100vw, 980px\" \/><\/a>\n\t\t\t<\/div>\n\t\t\t\t<figcaption class='wp-caption-text gallery-caption' id='gallery-1-1004'>\n\t\t\t\tkwarcyt Lumix\n\t\t\t\t<\/figcaption><\/figure><figure class='gallery-item'>\n\t\t\t<div class='gallery-icon landscape'>\n\t\t\t\t<a href='https:\/\/aniaka.com\/wp-content\/uploads\/lumix_aplicacoes_10.jpg'><img loading=\"lazy\" decoding=\"async\" width=\"980\" height=\"654\" src=\"https:\/\/aniaka.com\/wp-content\/uploads\/lumix_aplicacoes_10-1024x683.jpg\" class=\"attachment-large size-large\" alt=\"kwarcyt Lumix\" aria-describedby=\"gallery-1-1003\" srcset=\"https:\/\/aniaka.com\/wp-content\/uploads\/lumix_aplicacoes_10-1024x683.jpg 1024w, https:\/\/aniaka.com\/wp-content\/uploads\/lumix_aplicacoes_10-500x333.jpg 500w, https:\/\/aniaka.com\/wp-content\/uploads\/lumix_aplicacoes_10-768x512.jpg 768w, https:\/\/aniaka.com\/wp-content\/uploads\/lumix_aplicacoes_10-750x500.jpg 750w, https:\/\/aniaka.com\/wp-content\/uploads\/lumix_aplicacoes_10-555x370.jpg 555w, https:\/\/aniaka.com\/wp-content\/uploads\/lumix_aplicacoes_10.jpg 1080w\" sizes=\"auto, (max-width: 980px) 100vw, 980px\" \/><\/a>\n\t\t\t<\/div>\n\t\t\t\t<figcaption class='wp-caption-text gallery-caption' id='gallery-1-1003'>\n\t\t\t\tkwarcyt Lumix\n\t\t\t\t<\/figcaption><\/figure><figure class='gallery-item'>\n\t\t\t<div class='gallery-icon landscape'>\n\t\t\t\t<a href='https:\/\/aniaka.com\/wp-content\/uploads\/lumix_aplicacoes_09.jpg'><img loading=\"lazy\" decoding=\"async\" width=\"980\" height=\"654\" src=\"https:\/\/aniaka.com\/wp-content\/uploads\/lumix_aplicacoes_09-1024x683.jpg\" class=\"attachment-large size-large\" alt=\"kwarcyt Lumix\" aria-describedby=\"gallery-1-1002\" srcset=\"https:\/\/aniaka.com\/wp-content\/uploads\/lumix_aplicacoes_09-1024x683.jpg 1024w, https:\/\/aniaka.com\/wp-content\/uploads\/lumix_aplicacoes_09-500x333.jpg 500w, https:\/\/aniaka.com\/wp-content\/uploads\/lumix_aplicacoes_09-768x512.jpg 768w, https:\/\/aniaka.com\/wp-content\/uploads\/lumix_aplicacoes_09-750x500.jpg 750w, https:\/\/aniaka.com\/wp-content\/uploads\/lumix_aplicacoes_09-555x370.jpg 555w, https:\/\/aniaka.com\/wp-content\/uploads\/lumix_aplicacoes_09.jpg 1080w\" sizes=\"auto, (max-width: 980px) 100vw, 980px\" \/><\/a>\n\t\t\t<\/div>\n\t\t\t\t<figcaption class='wp-caption-text gallery-caption' id='gallery-1-1002'>\n\t\t\t\tkwarcyt Lumix\n\t\t\t\t<\/figcaption><\/figure><figure class='gallery-item'>\n\t\t\t<div class='gallery-icon landscape'>\n\t\t\t\t<a href='https:\/\/aniaka.com\/wp-content\/uploads\/lumix_aplicacoes_05.jpg'><img loading=\"lazy\" decoding=\"async\" width=\"980\" height=\"654\" src=\"https:\/\/aniaka.com\/wp-content\/uploads\/lumix_aplicacoes_05-1024x683.jpg\" class=\"attachment-large size-large\" alt=\"kwarcyt Lumix\" aria-describedby=\"gallery-1-998\" srcset=\"https:\/\/aniaka.com\/wp-content\/uploads\/lumix_aplicacoes_05-1024x683.jpg 1024w, https:\/\/aniaka.com\/wp-content\/uploads\/lumix_aplicacoes_05-500x333.jpg 500w, https:\/\/aniaka.com\/wp-content\/uploads\/lumix_aplicacoes_05-768x512.jpg 768w, https:\/\/aniaka.com\/wp-content\/uploads\/lumix_aplicacoes_05-750x500.jpg 750w, https:\/\/aniaka.com\/wp-content\/uploads\/lumix_aplicacoes_05-555x370.jpg 555w, https:\/\/aniaka.com\/wp-content\/uploads\/lumix_aplicacoes_05.jpg 1080w\" sizes=\"auto, (max-width: 980px) 100vw, 980px\" \/><\/a>\n\t\t\t<\/div>\n\t\t\t\t<figcaption class='wp-caption-text gallery-caption' id='gallery-1-998'>\n\t\t\t\tkwarcyt Lumix\n\t\t\t\t<\/figcaption><\/figure><figure class='gallery-item'>\n\t\t\t<div class='gallery-icon landscape'>\n\t\t\t\t<a href='https:\/\/aniaka.com\/wp-content\/uploads\/lumix_aplicacoes_12.jpg'><img loading=\"lazy\" decoding=\"async\" width=\"980\" height=\"654\" src=\"https:\/\/aniaka.com\/wp-content\/uploads\/lumix_aplicacoes_12-1024x683.jpg\" class=\"attachment-large size-large\" alt=\"kwarcyt Lumix\" aria-describedby=\"gallery-1-1005\" srcset=\"https:\/\/aniaka.com\/wp-content\/uploads\/lumix_aplicacoes_12-1024x683.jpg 1024w, https:\/\/aniaka.com\/wp-content\/uploads\/lumix_aplicacoes_12-500x333.jpg 500w, https:\/\/aniaka.com\/wp-content\/uploads\/lumix_aplicacoes_12-768x512.jpg 768w, https:\/\/aniaka.com\/wp-content\/uploads\/lumix_aplicacoes_12-750x500.jpg 750w, https:\/\/aniaka.com\/wp-content\/uploads\/lumix_aplicacoes_12-555x370.jpg 555w, https:\/\/aniaka.com\/wp-content\/uploads\/lumix_aplicacoes_12.jpg 1080w\" sizes=\"auto, (max-width: 980px) 100vw, 980px\" \/><\/a>\n\t\t\t<\/div>\n\t\t\t\t<figcaption class='wp-caption-text gallery-caption' id='gallery-1-1005'>\n\t\t\t\tkwarcyt Lumix\n\t\t\t\t<\/figcaption><\/figure><figure class='gallery-item'>\n\t\t\t<div class='gallery-icon landscape'>\n\t\t\t\t<a href='https:\/\/aniaka.com\/wp-content\/uploads\/lumix_aplicacoes_08.jpg'><img loading=\"lazy\" decoding=\"async\" width=\"980\" height=\"654\" src=\"https:\/\/aniaka.com\/wp-content\/uploads\/lumix_aplicacoes_08-1024x683.jpg\" class=\"attachment-large size-large\" alt=\"kwarcyt Lumix\" aria-describedby=\"gallery-1-1001\" srcset=\"https:\/\/aniaka.com\/wp-content\/uploads\/lumix_aplicacoes_08-1024x683.jpg 1024w, https:\/\/aniaka.com\/wp-content\/uploads\/lumix_aplicacoes_08-500x333.jpg 500w, https:\/\/aniaka.com\/wp-content\/uploads\/lumix_aplicacoes_08-768x512.jpg 768w, https:\/\/aniaka.com\/wp-content\/uploads\/lumix_aplicacoes_08-750x500.jpg 750w, https:\/\/aniaka.com\/wp-content\/uploads\/lumix_aplicacoes_08-555x370.jpg 555w, https:\/\/aniaka.com\/wp-content\/uploads\/lumix_aplicacoes_08.jpg 1080w\" sizes=\"auto, (max-width: 980px) 100vw, 980px\" \/><\/a>\n\t\t\t<\/div>\n\t\t\t\t<figcaption class='wp-caption-text gallery-caption' id='gallery-1-1001'>\n\t\t\t\tkwarcyt Lumix\n\t\t\t\t<\/figcaption><\/figure><figure class='gallery-item'>\n\t\t\t<div class='gallery-icon landscape'>\n\t\t\t\t<a href='https:\/\/aniaka.com\/wp-content\/uploads\/lumix_aplicacoes_07.jpg'><img loading=\"lazy\" decoding=\"async\" width=\"980\" height=\"654\" src=\"https:\/\/aniaka.com\/wp-content\/uploads\/lumix_aplicacoes_07-1024x683.jpg\" class=\"attachment-large size-large\" alt=\"kwarcyt Lumix\" aria-describedby=\"gallery-1-1000\" srcset=\"https:\/\/aniaka.com\/wp-content\/uploads\/lumix_aplicacoes_07-1024x683.jpg 1024w, https:\/\/aniaka.com\/wp-content\/uploads\/lumix_aplicacoes_07-500x333.jpg 500w, https:\/\/aniaka.com\/wp-content\/uploads\/lumix_aplicacoes_07-768x512.jpg 768w, https:\/\/aniaka.com\/wp-content\/uploads\/lumix_aplicacoes_07-750x500.jpg 750w, https:\/\/aniaka.com\/wp-content\/uploads\/lumix_aplicacoes_07-555x370.jpg 555w, https:\/\/aniaka.com\/wp-content\/uploads\/lumix_aplicacoes_07.jpg 1080w\" sizes=\"auto, (max-width: 980px) 100vw, 980px\" \/><\/a>\n\t\t\t<\/div>\n\t\t\t\t<figcaption class='wp-caption-text gallery-caption' id='gallery-1-1000'>\n\t\t\t\tkwarcyt Lumix\n\t\t\t\t<\/figcaption><\/figure><figure class='gallery-item'>\n\t\t\t<div class='gallery-icon landscape'>\n\t\t\t\t<a href='https:\/\/aniaka.com\/wp-content\/uploads\/lumix_aplicacoes_06.jpg'><img loading=\"lazy\" decoding=\"async\" width=\"980\" height=\"654\" src=\"https:\/\/aniaka.com\/wp-content\/uploads\/lumix_aplicacoes_06-1024x683.jpg\" class=\"attachment-large size-large\" alt=\"kwarcyt Lumix\" aria-describedby=\"gallery-1-999\" srcset=\"https:\/\/aniaka.com\/wp-content\/uploads\/lumix_aplicacoes_06-1024x683.jpg 1024w, https:\/\/aniaka.com\/wp-content\/uploads\/lumix_aplicacoes_06-500x333.jpg 500w, https:\/\/aniaka.com\/wp-content\/uploads\/lumix_aplicacoes_06-768x512.jpg 768w, https:\/\/aniaka.com\/wp-content\/uploads\/lumix_aplicacoes_06-750x500.jpg 750w, https:\/\/aniaka.com\/wp-content\/uploads\/lumix_aplicacoes_06-555x370.jpg 555w, https:\/\/aniaka.com\/wp-content\/uploads\/lumix_aplicacoes_06.jpg 1080w\" sizes=\"auto, (max-width: 980px) 100vw, 980px\" \/><\/a>\n\t\t\t<\/div>\n\t\t\t\t<figcaption class='wp-caption-text gallery-caption' id='gallery-1-999'>\n\t\t\t\tkwarcyt Lumix\n\t\t\t\t<\/figcaption><\/figure><figure class='gallery-item'>\n\t\t\t<div class='gallery-icon portrait'>\n\t\t\t\t<a href='https:\/\/aniaka.com\/wp-content\/uploads\/lumix_aplicacoes_13.jpg'><img loading=\"lazy\" decoding=\"async\" width=\"540\" height=\"720\" src=\"https:\/\/aniaka.com\/wp-content\/uploads\/lumix_aplicacoes_13.jpg\" class=\"attachment-large size-large\" alt=\"kwarcyt Lumix\" aria-describedby=\"gallery-1-1006\" srcset=\"https:\/\/aniaka.com\/wp-content\/uploads\/lumix_aplicacoes_13.jpg 540w, https:\/\/aniaka.com\/wp-content\/uploads\/lumix_aplicacoes_13-375x500.jpg 375w\" sizes=\"auto, (max-width: 540px) 100vw, 540px\" \/><\/a>\n\t\t\t<\/div>\n\t\t\t\t<figcaption class='wp-caption-text gallery-caption' id='gallery-1-1006'>\n\t\t\t\tkwarcyt Lumix\n\t\t\t\t<\/figcaption><\/figure><figure class='gallery-item'>\n\t\t\t<div class='gallery-icon landscape'>\n\t\t\t\t<a href='https:\/\/aniaka.com\/wp-content\/uploads\/lumix_aplicacoes_03.jpg'><img loading=\"lazy\" decoding=\"async\" width=\"980\" height=\"654\" src=\"https:\/\/aniaka.com\/wp-content\/uploads\/lumix_aplicacoes_03-1024x683.jpg\" class=\"attachment-large size-large\" alt=\"kwarcyt Lumix\" aria-describedby=\"gallery-1-996\" srcset=\"https:\/\/aniaka.com\/wp-content\/uploads\/lumix_aplicacoes_03-1024x683.jpg 1024w, https:\/\/aniaka.com\/wp-content\/uploads\/lumix_aplicacoes_03-500x333.jpg 500w, https:\/\/aniaka.com\/wp-content\/uploads\/lumix_aplicacoes_03-768x512.jpg 768w, https:\/\/aniaka.com\/wp-content\/uploads\/lumix_aplicacoes_03-750x500.jpg 750w, https:\/\/aniaka.com\/wp-content\/uploads\/lumix_aplicacoes_03-555x370.jpg 555w, https:\/\/aniaka.com\/wp-content\/uploads\/lumix_aplicacoes_03.jpg 1080w\" sizes=\"auto, (max-width: 980px) 100vw, 980px\" \/><\/a>\n\t\t\t<\/div>\n\t\t\t\t<figcaption class='wp-caption-text gallery-caption' id='gallery-1-996'>\n\t\t\t\tkwarcyt Lumix\n\t\t\t\t<\/figcaption><\/figure><figure class='gallery-item'>\n\t\t\t<div class='gallery-icon landscape'>\n\t\t\t\t<a href='https:\/\/aniaka.com\/wp-content\/uploads\/lumix_aplicacoes_01.jpg'><img loading=\"lazy\" decoding=\"async\" width=\"980\" height=\"654\" src=\"https:\/\/aniaka.com\/wp-content\/uploads\/lumix_aplicacoes_01-1024x683.jpg\" class=\"attachment-large size-large\" alt=\"kwarcyt Lumix\" aria-describedby=\"gallery-1-994\" srcset=\"https:\/\/aniaka.com\/wp-content\/uploads\/lumix_aplicacoes_01-1024x683.jpg 1024w, https:\/\/aniaka.com\/wp-content\/uploads\/lumix_aplicacoes_01-500x333.jpg 500w, https:\/\/aniaka.com\/wp-content\/uploads\/lumix_aplicacoes_01-768x512.jpg 768w, https:\/\/aniaka.com\/wp-content\/uploads\/lumix_aplicacoes_01-750x500.jpg 750w, https:\/\/aniaka.com\/wp-content\/uploads\/lumix_aplicacoes_01-555x370.jpg 555w, https:\/\/aniaka.com\/wp-content\/uploads\/lumix_aplicacoes_01.jpg 1080w\" sizes=\"auto, (max-width: 980px) 100vw, 980px\" \/><\/a>\n\t\t\t<\/div>\n\t\t\t\t<figcaption class='wp-caption-text gallery-caption' id='gallery-1-994'>\n\t\t\t\tkwarcyt Lumix\n\t\t\t\t<\/figcaption><\/figure><figure class='gallery-item'>\n\t\t\t<div class='gallery-icon landscape'>\n\t\t\t\t<a href='https:\/\/aniaka.com\/wp-content\/uploads\/lumix_aplicacoes_14.jpg'><img loading=\"lazy\" decoding=\"async\" width=\"980\" height=\"365\" src=\"https:\/\/aniaka.com\/wp-content\/uploads\/lumix_aplicacoes_14-1024x381.jpg\" class=\"attachment-large size-large\" alt=\"kwarcyt Lumix\" aria-describedby=\"gallery-1-1007\" srcset=\"https:\/\/aniaka.com\/wp-content\/uploads\/lumix_aplicacoes_14-1024x381.jpg 1024w, https:\/\/aniaka.com\/wp-content\/uploads\/lumix_aplicacoes_14-500x186.jpg 500w, https:\/\/aniaka.com\/wp-content\/uploads\/lumix_aplicacoes_14-768x286.jpg 768w, https:\/\/aniaka.com\/wp-content\/uploads\/lumix_aplicacoes_14-555x207.jpg 555w, https:\/\/aniaka.com\/wp-content\/uploads\/lumix_aplicacoes_14.jpg 1080w\" sizes=\"auto, (max-width: 980px) 100vw, 980px\" \/><\/a>\n\t\t\t<\/div>\n\t\t\t\t<figcaption class='wp-caption-text gallery-caption' id='gallery-1-1007'>\n\t\t\t\tkwarcyt Lumix\n\t\t\t\t<\/figcaption><\/figure><figure class='gallery-item'>\n\t\t\t<div class='gallery-icon landscape'>\n\t\t\t\t<a href='https:\/\/aniaka.com\/wp-content\/uploads\/lumix_aplicacoes_02.jpg'><img loading=\"lazy\" decoding=\"async\" width=\"980\" height=\"654\" src=\"https:\/\/aniaka.com\/wp-content\/uploads\/lumix_aplicacoes_02-1024x683.jpg\" class=\"attachment-large size-large\" alt=\"kwarcyt Lumix\" aria-describedby=\"gallery-1-995\" srcset=\"https:\/\/aniaka.com\/wp-content\/uploads\/lumix_aplicacoes_02-1024x683.jpg 1024w, https:\/\/aniaka.com\/wp-content\/uploads\/lumix_aplicacoes_02-500x333.jpg 500w, https:\/\/aniaka.com\/wp-content\/uploads\/lumix_aplicacoes_02-768x512.jpg 768w, https:\/\/aniaka.com\/wp-content\/uploads\/lumix_aplicacoes_02-750x500.jpg 750w, https:\/\/aniaka.com\/wp-content\/uploads\/lumix_aplicacoes_02-555x370.jpg 555w, https:\/\/aniaka.com\/wp-content\/uploads\/lumix_aplicacoes_02.jpg 1080w\" sizes=\"auto, (max-width: 980px) 100vw, 980px\" \/><\/a>\n\t\t\t<\/div>\n\t\t\t\t<figcaption class='wp-caption-text gallery-caption' id='gallery-1-995'>\n\t\t\t\tkwarcyt Lumix\n\t\t\t\t<\/figcaption><\/figure><figure class='gallery-item'>\n\t\t\t<div class='gallery-icon landscape'>\n\t\t\t\t<a href='https:\/\/aniaka.com\/wp-content\/uploads\/lumix_aplicacoes_04.jpg'><img loading=\"lazy\" decoding=\"async\" width=\"980\" height=\"654\" src=\"https:\/\/aniaka.com\/wp-content\/uploads\/lumix_aplicacoes_04-1024x683.jpg\" class=\"attachment-large size-large\" alt=\"kwarcyt Lumix\" aria-describedby=\"gallery-1-997\" srcset=\"https:\/\/aniaka.com\/wp-content\/uploads\/lumix_aplicacoes_04-1024x683.jpg 1024w, https:\/\/aniaka.com\/wp-content\/uploads\/lumix_aplicacoes_04-500x333.jpg 500w, https:\/\/aniaka.com\/wp-content\/uploads\/lumix_aplicacoes_04-768x512.jpg 768w, https:\/\/aniaka.com\/wp-content\/uploads\/lumix_aplicacoes_04-750x500.jpg 750w, https:\/\/aniaka.com\/wp-content\/uploads\/lumix_aplicacoes_04-555x370.jpg 555w, https:\/\/aniaka.com\/wp-content\/uploads\/lumix_aplicacoes_04.jpg 1080w\" sizes=\"auto, (max-width: 980px) 100vw, 980px\" \/><\/a>\n\t\t\t<\/div>\n\t\t\t\t<figcaption class='wp-caption-text gallery-caption' id='gallery-1-997'>\n\t\t\t\tkwarcyt Lumix\n\t\t\t\t<\/figcaption><\/figure>\n\t\t<\/div>\n\n","protected":false},"excerpt":{"rendered":"<p>Quartzite Lumix<\/p>\n<p>&nbsp;<\/p>\n","protected":false},"featured_media":1648,"template":"","meta":[],"product_brand":[],"product_cat":[21,28],"product_tag":[],"class_list":{"0":"post-1647","1":"product","2":"type-product","3":"status-publish","4":"has-post-thumbnail","6":"product_cat-kwarcyt","7":"product_cat-brazylia","8":"pa_forma-bloki","9":"pa_material-kwarcyt","10":"pa_pochodzenie-brazylia","12":"first","13":"onbackorder","14":"taxable","15":"shipping-taxable","16":"purchasable","17":"product-type-variable","18":"has-default-attributes"},"_links":{"self":[{"href":"https:\/\/aniaka.com\/en\/wp-json\/wp\/v2\/product\/1647\/"}],"collection":[{"href":"https:\/\/aniaka.com\/en\/wp-json\/wp\/v2\/product\/"}],"about":[{"href":"https:\/\/aniaka.com\/en\/wp-json\/wp\/v2\/types\/product\/"}],"wp:featuredmedia":[{"embeddable":true,"href":"https:\/\/aniaka.com\/en\/wp-json\/wp\/v2\/media\/1648\/"}],"wp:attachment":[{"href":"https:\/\/aniaka.com\/en\/wp-json\/wp\/v2\/media\/?parent=1647"}],"wp:term":[{"taxonomy":"product_brand","embeddable":true,"href":"https:\/\/aniaka.com\/en\/wp-json\/wp\/v2\/product_brand\/?post=1647"},{"taxonomy":"product_cat","embeddable":true,"href":"https:\/\/aniaka.com\/en\/wp-json\/wp\/v2\/product_cat\/?post=1647"},{"taxonomy":"product_tag","embeddable":true,"href":"https:\/\/aniaka.com\/en\/wp-json\/wp\/v2\/product_tag\/?post=1647"}],"curies":[{"name":"wp","href":"https:\/\/api.w.org\/{rel}","templated":true}]}}