{"id":1615,"date":"2019-01-07T23:34:32","date_gmt":"2019-01-07T22:34:32","guid":{"rendered":"http:\/\/aniaka.com\/oferta\/quartzite-matrix\/"},"modified":"2019-01-13T22:05:21","modified_gmt":"2019-01-13T21:05:21","slug":"quartzite-matrix","status":"publish","type":"product","link":"https:\/\/aniaka.com\/en\/oferta\/quartzite-matrix\/","title":{"rendered":"Quartzite\u00a0Matrix"},"content":{"rendered":"<h1>Quartzite\u00a0Matrix<\/h1>\n<p>available in blocks.<\/p>\n<h2 id=\"tablepress-25-name\" class=\"tablepress-table-name tablepress-table-name-id-25\">W\u0142a\u015bciwo\u015bci kwarcytu Matrix<\/h2>\n\n<table id=\"tablepress-25\" class=\"tablepress tablepress-id-25\" aria-labelledby=\"tablepress-25-name\">\n<thead>\n<tr class=\"row-1\">\n\t<th class=\"column-1\">W\u0141A\u015aCIWO\u015aCI<\/th><th class=\"column-2\">JEDNOSTKA<\/th><th class=\"column-3\">WYNIK<\/th>\n<\/tr>\n<\/thead>\n<tbody class=\"row-striping row-hover\">\n<tr class=\"row-2\">\n\t<td class=\"column-1\">Absorpcja wody<\/td><td class=\"column-2\">(%)<\/td><td class=\"column-3\">0,26<\/td>\n<\/tr>\n<tr class=\"row-3\">\n\t<td class=\"column-1\">Pozorna sucha g\u0119sto\u015b\u0107<\/td><td class=\"column-2\">(kg\/m\u00b3)<\/td><td class=\"column-3\">2,771<\/td>\n<\/tr>\n<tr class=\"row-4\">\n\t<td class=\"column-1\">Wytrzyma\u0142o\u015b\u0107 na \u015bciskanie<\/td><td class=\"column-2\">(Mpa)<\/td><td class=\"column-3\">133,2<\/td>\n<\/tr>\n<tr class=\"row-5\">\n\t<td class=\"column-1\">Wytrzyma\u0142o\u015b\u0107 na zginanie<\/td><td class=\"column-2\">(Mpa)<\/td><td class=\"column-3\">15,54<\/td>\n<\/tr>\n<tr class=\"row-6\">\n\t<td class=\"column-1\">Wytrzyma\u0142o\u015b\u0107 na \u015bcieranie<\/td><td class=\"column-2\">(cm\u00b3\/cm\u00b2)<\/td><td class=\"column-3\">0,044<\/td>\n<\/tr>\n<\/tbody>\n<\/table>\n<!-- #tablepress-25 from cache -->\n<div id='gallery-1' class='gallery galleryid-1615 gallery-columns-3 gallery-size-large'><figure class='gallery-item'>\n\t\t\t<div class='gallery-icon landscape'>\n\t\t\t\t<a href='https:\/\/aniaka.com\/wp-content\/uploads\/kwarcyt_matrix18.jpg'><img loading=\"lazy\" decoding=\"async\" width=\"980\" height=\"654\" src=\"https:\/\/aniaka.com\/wp-content\/uploads\/kwarcyt_matrix18-1024x683.jpg\" class=\"attachment-large size-large\" alt=\"Kwarcyt\u00a0Matrix\" aria-describedby=\"gallery-1-1045\" srcset=\"https:\/\/aniaka.com\/wp-content\/uploads\/kwarcyt_matrix18-1024x683.jpg 1024w, https:\/\/aniaka.com\/wp-content\/uploads\/kwarcyt_matrix18-500x333.jpg 500w, https:\/\/aniaka.com\/wp-content\/uploads\/kwarcyt_matrix18-768x512.jpg 768w, https:\/\/aniaka.com\/wp-content\/uploads\/kwarcyt_matrix18-750x500.jpg 750w, https:\/\/aniaka.com\/wp-content\/uploads\/kwarcyt_matrix18-555x370.jpg 555w, https:\/\/aniaka.com\/wp-content\/uploads\/kwarcyt_matrix18.jpg 1080w\" sizes=\"auto, (max-width: 980px) 100vw, 980px\" \/><\/a>\n\t\t\t<\/div>\n\t\t\t\t<figcaption class='wp-caption-text gallery-caption' id='gallery-1-1045'>\n\t\t\t\tKwarcyt\u00a0Matrix\n\t\t\t\t<\/figcaption><\/figure><figure class='gallery-item'>\n\t\t\t<div class='gallery-icon landscape'>\n\t\t\t\t<a href='https:\/\/aniaka.com\/wp-content\/uploads\/kwarcyt_matrix30.jpg'><img loading=\"lazy\" decoding=\"async\" width=\"980\" height=\"654\" src=\"https:\/\/aniaka.com\/wp-content\/uploads\/kwarcyt_matrix30-1024x683.jpg\" class=\"attachment-large size-large\" alt=\"Kwarcyt\u00a0Matrix\" aria-describedby=\"gallery-1-1057\" srcset=\"https:\/\/aniaka.com\/wp-content\/uploads\/kwarcyt_matrix30-1024x683.jpg 1024w, https:\/\/aniaka.com\/wp-content\/uploads\/kwarcyt_matrix30-500x333.jpg 500w, https:\/\/aniaka.com\/wp-content\/uploads\/kwarcyt_matrix30-768x512.jpg 768w, https:\/\/aniaka.com\/wp-content\/uploads\/kwarcyt_matrix30-750x500.jpg 750w, https:\/\/aniaka.com\/wp-content\/uploads\/kwarcyt_matrix30-555x370.jpg 555w, https:\/\/aniaka.com\/wp-content\/uploads\/kwarcyt_matrix30.jpg 1080w\" sizes=\"auto, (max-width: 980px) 100vw, 980px\" \/><\/a>\n\t\t\t<\/div>\n\t\t\t\t<figcaption class='wp-caption-text gallery-caption' id='gallery-1-1057'>\n\t\t\t\tKwarcyt\u00a0Matrix\n\t\t\t\t<\/figcaption><\/figure><figure class='gallery-item'>\n\t\t\t<div class='gallery-icon landscape'>\n\t\t\t\t<a href='https:\/\/aniaka.com\/wp-content\/uploads\/kwarcyt_matrix13.jpg'><img loading=\"lazy\" decoding=\"async\" width=\"980\" height=\"654\" src=\"https:\/\/aniaka.com\/wp-content\/uploads\/kwarcyt_matrix13-1024x683.jpg\" class=\"attachment-large size-large\" alt=\"Kwarcyt\u00a0Matrix\" aria-describedby=\"gallery-1-1040\" srcset=\"https:\/\/aniaka.com\/wp-content\/uploads\/kwarcyt_matrix13-1024x683.jpg 1024w, https:\/\/aniaka.com\/wp-content\/uploads\/kwarcyt_matrix13-500x333.jpg 500w, https:\/\/aniaka.com\/wp-content\/uploads\/kwarcyt_matrix13-768x512.jpg 768w, https:\/\/aniaka.com\/wp-content\/uploads\/kwarcyt_matrix13-750x500.jpg 750w, https:\/\/aniaka.com\/wp-content\/uploads\/kwarcyt_matrix13-555x370.jpg 555w, https:\/\/aniaka.com\/wp-content\/uploads\/kwarcyt_matrix13.jpg 1080w\" sizes=\"auto, (max-width: 980px) 100vw, 980px\" \/><\/a>\n\t\t\t<\/div>\n\t\t\t\t<figcaption class='wp-caption-text gallery-caption' id='gallery-1-1040'>\n\t\t\t\tKwarcyt\u00a0Matrix\n\t\t\t\t<\/figcaption><\/figure><figure class='gallery-item'>\n\t\t\t<div class='gallery-icon landscape'>\n\t\t\t\t<a href='https:\/\/aniaka.com\/wp-content\/uploads\/kwarcyt_matrix20.jpg'><img loading=\"lazy\" decoding=\"async\" width=\"980\" height=\"654\" src=\"https:\/\/aniaka.com\/wp-content\/uploads\/kwarcyt_matrix20-1024x683.jpg\" class=\"attachment-large size-large\" alt=\"Kwarcyt\u00a0Matrix\" aria-describedby=\"gallery-1-1047\" srcset=\"https:\/\/aniaka.com\/wp-content\/uploads\/kwarcyt_matrix20-1024x683.jpg 1024w, https:\/\/aniaka.com\/wp-content\/uploads\/kwarcyt_matrix20-500x333.jpg 500w, https:\/\/aniaka.com\/wp-content\/uploads\/kwarcyt_matrix20-768x512.jpg 768w, https:\/\/aniaka.com\/wp-content\/uploads\/kwarcyt_matrix20-750x500.jpg 750w, https:\/\/aniaka.com\/wp-content\/uploads\/kwarcyt_matrix20-555x370.jpg 555w, https:\/\/aniaka.com\/wp-content\/uploads\/kwarcyt_matrix20.jpg 1080w\" sizes=\"auto, (max-width: 980px) 100vw, 980px\" \/><\/a>\n\t\t\t<\/div>\n\t\t\t\t<figcaption class='wp-caption-text gallery-caption' id='gallery-1-1047'>\n\t\t\t\tKwarcyt\u00a0Matrix\n\t\t\t\t<\/figcaption><\/figure><figure class='gallery-item'>\n\t\t\t<div class='gallery-icon landscape'>\n\t\t\t\t<a href='https:\/\/aniaka.com\/wp-content\/uploads\/kwarcyt_matrix29.jpg'><img loading=\"lazy\" decoding=\"async\" width=\"980\" height=\"654\" src=\"https:\/\/aniaka.com\/wp-content\/uploads\/kwarcyt_matrix29-1024x683.jpg\" class=\"attachment-large size-large\" alt=\"Kwarcyt\u00a0Matrix\" aria-describedby=\"gallery-1-1056\" srcset=\"https:\/\/aniaka.com\/wp-content\/uploads\/kwarcyt_matrix29-1024x683.jpg 1024w, https:\/\/aniaka.com\/wp-content\/uploads\/kwarcyt_matrix29-500x333.jpg 500w, https:\/\/aniaka.com\/wp-content\/uploads\/kwarcyt_matrix29-768x512.jpg 768w, https:\/\/aniaka.com\/wp-content\/uploads\/kwarcyt_matrix29-750x500.jpg 750w, https:\/\/aniaka.com\/wp-content\/uploads\/kwarcyt_matrix29-555x370.jpg 555w, https:\/\/aniaka.com\/wp-content\/uploads\/kwarcyt_matrix29.jpg 1080w\" sizes=\"auto, (max-width: 980px) 100vw, 980px\" \/><\/a>\n\t\t\t<\/div>\n\t\t\t\t<figcaption class='wp-caption-text gallery-caption' id='gallery-1-1056'>\n\t\t\t\tKwarcyt\u00a0Matrix\n\t\t\t\t<\/figcaption><\/figure><figure class='gallery-item'>\n\t\t\t<div class='gallery-icon landscape'>\n\t\t\t\t<a href='https:\/\/aniaka.com\/wp-content\/uploads\/kwarcyt_matrix27.jpg'><img loading=\"lazy\" decoding=\"async\" width=\"980\" height=\"654\" src=\"https:\/\/aniaka.com\/wp-content\/uploads\/kwarcyt_matrix27-1024x683.jpg\" class=\"attachment-large size-large\" alt=\"Kwarcyt\u00a0Matrix\" aria-describedby=\"gallery-1-1054\" srcset=\"https:\/\/aniaka.com\/wp-content\/uploads\/kwarcyt_matrix27-1024x683.jpg 1024w, https:\/\/aniaka.com\/wp-content\/uploads\/kwarcyt_matrix27-500x333.jpg 500w, https:\/\/aniaka.com\/wp-content\/uploads\/kwarcyt_matrix27-768x512.jpg 768w, https:\/\/aniaka.com\/wp-content\/uploads\/kwarcyt_matrix27-750x500.jpg 750w, https:\/\/aniaka.com\/wp-content\/uploads\/kwarcyt_matrix27-555x370.jpg 555w, https:\/\/aniaka.com\/wp-content\/uploads\/kwarcyt_matrix27.jpg 1080w\" sizes=\"auto, (max-width: 980px) 100vw, 980px\" \/><\/a>\n\t\t\t<\/div>\n\t\t\t\t<figcaption class='wp-caption-text gallery-caption' id='gallery-1-1054'>\n\t\t\t\tKwarcyt\u00a0Matrix\n\t\t\t\t<\/figcaption><\/figure><figure class='gallery-item'>\n\t\t\t<div class='gallery-icon landscape'>\n\t\t\t\t<a href='https:\/\/aniaka.com\/wp-content\/uploads\/kwarcyt_matrix15.jpg'><img loading=\"lazy\" decoding=\"async\" width=\"980\" height=\"654\" src=\"https:\/\/aniaka.com\/wp-content\/uploads\/kwarcyt_matrix15-1024x683.jpg\" class=\"attachment-large size-large\" alt=\"Kwarcyt\u00a0Matrix\" aria-describedby=\"gallery-1-1042\" srcset=\"https:\/\/aniaka.com\/wp-content\/uploads\/kwarcyt_matrix15-1024x683.jpg 1024w, https:\/\/aniaka.com\/wp-content\/uploads\/kwarcyt_matrix15-500x333.jpg 500w, https:\/\/aniaka.com\/wp-content\/uploads\/kwarcyt_matrix15-768x512.jpg 768w, https:\/\/aniaka.com\/wp-content\/uploads\/kwarcyt_matrix15-750x500.jpg 750w, https:\/\/aniaka.com\/wp-content\/uploads\/kwarcyt_matrix15-555x370.jpg 555w, https:\/\/aniaka.com\/wp-content\/uploads\/kwarcyt_matrix15.jpg 1080w\" sizes=\"auto, (max-width: 980px) 100vw, 980px\" \/><\/a>\n\t\t\t<\/div>\n\t\t\t\t<figcaption class='wp-caption-text gallery-caption' id='gallery-1-1042'>\n\t\t\t\tKwarcyt\u00a0Matrix\n\t\t\t\t<\/figcaption><\/figure><figure class='gallery-item'>\n\t\t\t<div class='gallery-icon landscape'>\n\t\t\t\t<a href='https:\/\/aniaka.com\/wp-content\/uploads\/kwarcyt_matrix14.jpg'><img loading=\"lazy\" decoding=\"async\" width=\"980\" height=\"654\" src=\"https:\/\/aniaka.com\/wp-content\/uploads\/kwarcyt_matrix14-1024x683.jpg\" class=\"attachment-large size-large\" alt=\"Kwarcyt\u00a0Matrix\" aria-describedby=\"gallery-1-1041\" srcset=\"https:\/\/aniaka.com\/wp-content\/uploads\/kwarcyt_matrix14-1024x683.jpg 1024w, https:\/\/aniaka.com\/wp-content\/uploads\/kwarcyt_matrix14-500x333.jpg 500w, https:\/\/aniaka.com\/wp-content\/uploads\/kwarcyt_matrix14-768x512.jpg 768w, https:\/\/aniaka.com\/wp-content\/uploads\/kwarcyt_matrix14-750x500.jpg 750w, https:\/\/aniaka.com\/wp-content\/uploads\/kwarcyt_matrix14-555x370.jpg 555w, https:\/\/aniaka.com\/wp-content\/uploads\/kwarcyt_matrix14.jpg 1080w\" sizes=\"auto, (max-width: 980px) 100vw, 980px\" \/><\/a>\n\t\t\t<\/div>\n\t\t\t\t<figcaption class='wp-caption-text gallery-caption' id='gallery-1-1041'>\n\t\t\t\tKwarcyt\u00a0Matrix\n\t\t\t\t<\/figcaption><\/figure><figure class='gallery-item'>\n\t\t\t<div class='gallery-icon landscape'>\n\t\t\t\t<a href='https:\/\/aniaka.com\/wp-content\/uploads\/kwarcyt_matrix28.jpg'><img loading=\"lazy\" decoding=\"async\" width=\"980\" height=\"654\" src=\"https:\/\/aniaka.com\/wp-content\/uploads\/kwarcyt_matrix28-1024x683.jpg\" class=\"attachment-large size-large\" alt=\"Kwarcyt\u00a0Matrix\" aria-describedby=\"gallery-1-1055\" srcset=\"https:\/\/aniaka.com\/wp-content\/uploads\/kwarcyt_matrix28-1024x683.jpg 1024w, https:\/\/aniaka.com\/wp-content\/uploads\/kwarcyt_matrix28-500x333.jpg 500w, https:\/\/aniaka.com\/wp-content\/uploads\/kwarcyt_matrix28-768x512.jpg 768w, https:\/\/aniaka.com\/wp-content\/uploads\/kwarcyt_matrix28-750x500.jpg 750w, https:\/\/aniaka.com\/wp-content\/uploads\/kwarcyt_matrix28-555x370.jpg 555w, https:\/\/aniaka.com\/wp-content\/uploads\/kwarcyt_matrix28.jpg 1080w\" sizes=\"auto, (max-width: 980px) 100vw, 980px\" \/><\/a>\n\t\t\t<\/div>\n\t\t\t\t<figcaption class='wp-caption-text gallery-caption' id='gallery-1-1055'>\n\t\t\t\tKwarcyt\u00a0Matrix\n\t\t\t\t<\/figcaption><\/figure><figure class='gallery-item'>\n\t\t\t<div class='gallery-icon landscape'>\n\t\t\t\t<a href='https:\/\/aniaka.com\/wp-content\/uploads\/kwarcyt_matrix23.jpg'><img loading=\"lazy\" decoding=\"async\" width=\"980\" height=\"654\" src=\"https:\/\/aniaka.com\/wp-content\/uploads\/kwarcyt_matrix23-1024x683.jpg\" class=\"attachment-large size-large\" alt=\"Kwarcyt\u00a0Matrix\" aria-describedby=\"gallery-1-1050\" srcset=\"https:\/\/aniaka.com\/wp-content\/uploads\/kwarcyt_matrix23-1024x683.jpg 1024w, https:\/\/aniaka.com\/wp-content\/uploads\/kwarcyt_matrix23-500x333.jpg 500w, https:\/\/aniaka.com\/wp-content\/uploads\/kwarcyt_matrix23-768x512.jpg 768w, https:\/\/aniaka.com\/wp-content\/uploads\/kwarcyt_matrix23-750x500.jpg 750w, https:\/\/aniaka.com\/wp-content\/uploads\/kwarcyt_matrix23-555x370.jpg 555w, https:\/\/aniaka.com\/wp-content\/uploads\/kwarcyt_matrix23.jpg 1080w\" sizes=\"auto, (max-width: 980px) 100vw, 980px\" \/><\/a>\n\t\t\t<\/div>\n\t\t\t\t<figcaption class='wp-caption-text gallery-caption' id='gallery-1-1050'>\n\t\t\t\tKwarcyt\u00a0Matrix\n\t\t\t\t<\/figcaption><\/figure><figure class='gallery-item'>\n\t\t\t<div class='gallery-icon landscape'>\n\t\t\t\t<a href='https:\/\/aniaka.com\/wp-content\/uploads\/kwarcyt_matrix25.jpg'><img loading=\"lazy\" decoding=\"async\" width=\"980\" height=\"654\" src=\"https:\/\/aniaka.com\/wp-content\/uploads\/kwarcyt_matrix25-1024x683.jpg\" class=\"attachment-large size-large\" alt=\"Kwarcyt\u00a0Matrix\" aria-describedby=\"gallery-1-1052\" srcset=\"https:\/\/aniaka.com\/wp-content\/uploads\/kwarcyt_matrix25-1024x683.jpg 1024w, https:\/\/aniaka.com\/wp-content\/uploads\/kwarcyt_matrix25-500x333.jpg 500w, https:\/\/aniaka.com\/wp-content\/uploads\/kwarcyt_matrix25-768x512.jpg 768w, https:\/\/aniaka.com\/wp-content\/uploads\/kwarcyt_matrix25-750x500.jpg 750w, https:\/\/aniaka.com\/wp-content\/uploads\/kwarcyt_matrix25-555x370.jpg 555w, https:\/\/aniaka.com\/wp-content\/uploads\/kwarcyt_matrix25.jpg 1080w\" sizes=\"auto, (max-width: 980px) 100vw, 980px\" \/><\/a>\n\t\t\t<\/div>\n\t\t\t\t<figcaption class='wp-caption-text gallery-caption' id='gallery-1-1052'>\n\t\t\t\tKwarcyt\u00a0Matrix\n\t\t\t\t<\/figcaption><\/figure><figure class='gallery-item'>\n\t\t\t<div class='gallery-icon landscape'>\n\t\t\t\t<a href='https:\/\/aniaka.com\/wp-content\/uploads\/kwarcyt_matrix19.jpg'><img loading=\"lazy\" decoding=\"async\" width=\"980\" height=\"654\" src=\"https:\/\/aniaka.com\/wp-content\/uploads\/kwarcyt_matrix19-1024x683.jpg\" class=\"attachment-large size-large\" alt=\"Kwarcyt\u00a0Matrix\" aria-describedby=\"gallery-1-1046\" srcset=\"https:\/\/aniaka.com\/wp-content\/uploads\/kwarcyt_matrix19-1024x683.jpg 1024w, https:\/\/aniaka.com\/wp-content\/uploads\/kwarcyt_matrix19-500x333.jpg 500w, https:\/\/aniaka.com\/wp-content\/uploads\/kwarcyt_matrix19-768x512.jpg 768w, https:\/\/aniaka.com\/wp-content\/uploads\/kwarcyt_matrix19-750x500.jpg 750w, https:\/\/aniaka.com\/wp-content\/uploads\/kwarcyt_matrix19-555x370.jpg 555w, https:\/\/aniaka.com\/wp-content\/uploads\/kwarcyt_matrix19.jpg 1080w\" sizes=\"auto, (max-width: 980px) 100vw, 980px\" \/><\/a>\n\t\t\t<\/div>\n\t\t\t\t<figcaption class='wp-caption-text gallery-caption' id='gallery-1-1046'>\n\t\t\t\tKwarcyt\u00a0Matrix\n\t\t\t\t<\/figcaption><\/figure><figure class='gallery-item'>\n\t\t\t<div class='gallery-icon landscape'>\n\t\t\t\t<a href='https:\/\/aniaka.com\/wp-content\/uploads\/kwarcyt_matrix24.jpg'><img loading=\"lazy\" decoding=\"async\" width=\"980\" height=\"654\" src=\"https:\/\/aniaka.com\/wp-content\/uploads\/kwarcyt_matrix24-1024x683.jpg\" class=\"attachment-large size-large\" alt=\"Kwarcyt\u00a0Matrix\" aria-describedby=\"gallery-1-1051\" srcset=\"https:\/\/aniaka.com\/wp-content\/uploads\/kwarcyt_matrix24-1024x683.jpg 1024w, https:\/\/aniaka.com\/wp-content\/uploads\/kwarcyt_matrix24-500x333.jpg 500w, https:\/\/aniaka.com\/wp-content\/uploads\/kwarcyt_matrix24-768x512.jpg 768w, https:\/\/aniaka.com\/wp-content\/uploads\/kwarcyt_matrix24-750x500.jpg 750w, https:\/\/aniaka.com\/wp-content\/uploads\/kwarcyt_matrix24-555x370.jpg 555w, https:\/\/aniaka.com\/wp-content\/uploads\/kwarcyt_matrix24.jpg 1080w\" sizes=\"auto, (max-width: 980px) 100vw, 980px\" \/><\/a>\n\t\t\t<\/div>\n\t\t\t\t<figcaption class='wp-caption-text gallery-caption' id='gallery-1-1051'>\n\t\t\t\tKwarcyt\u00a0Matrix\n\t\t\t\t<\/figcaption><\/figure><figure class='gallery-item'>\n\t\t\t<div class='gallery-icon landscape'>\n\t\t\t\t<a href='https:\/\/aniaka.com\/wp-content\/uploads\/kwarcyt_matrix22.jpg'><img loading=\"lazy\" decoding=\"async\" width=\"980\" height=\"654\" src=\"https:\/\/aniaka.com\/wp-content\/uploads\/kwarcyt_matrix22-1024x683.jpg\" class=\"attachment-large size-large\" alt=\"Kwarcyt\u00a0Matrix\" aria-describedby=\"gallery-1-1049\" srcset=\"https:\/\/aniaka.com\/wp-content\/uploads\/kwarcyt_matrix22-1024x683.jpg 1024w, https:\/\/aniaka.com\/wp-content\/uploads\/kwarcyt_matrix22-500x333.jpg 500w, https:\/\/aniaka.com\/wp-content\/uploads\/kwarcyt_matrix22-768x512.jpg 768w, https:\/\/aniaka.com\/wp-content\/uploads\/kwarcyt_matrix22-750x500.jpg 750w, https:\/\/aniaka.com\/wp-content\/uploads\/kwarcyt_matrix22-555x370.jpg 555w, https:\/\/aniaka.com\/wp-content\/uploads\/kwarcyt_matrix22.jpg 1080w\" sizes=\"auto, (max-width: 980px) 100vw, 980px\" \/><\/a>\n\t\t\t<\/div>\n\t\t\t\t<figcaption class='wp-caption-text gallery-caption' id='gallery-1-1049'>\n\t\t\t\tKwarcyt\u00a0Matrix\n\t\t\t\t<\/figcaption><\/figure><figure class='gallery-item'>\n\t\t\t<div class='gallery-icon landscape'>\n\t\t\t\t<a href='https:\/\/aniaka.com\/wp-content\/uploads\/kwarcyt_matrix17.jpg'><img loading=\"lazy\" decoding=\"async\" width=\"980\" height=\"654\" src=\"https:\/\/aniaka.com\/wp-content\/uploads\/kwarcyt_matrix17-1024x683.jpg\" class=\"attachment-large size-large\" alt=\"Kwarcyt\u00a0Matrix\" aria-describedby=\"gallery-1-1044\" srcset=\"https:\/\/aniaka.com\/wp-content\/uploads\/kwarcyt_matrix17-1024x683.jpg 1024w, https:\/\/aniaka.com\/wp-content\/uploads\/kwarcyt_matrix17-500x333.jpg 500w, https:\/\/aniaka.com\/wp-content\/uploads\/kwarcyt_matrix17-768x512.jpg 768w, https:\/\/aniaka.com\/wp-content\/uploads\/kwarcyt_matrix17-750x500.jpg 750w, https:\/\/aniaka.com\/wp-content\/uploads\/kwarcyt_matrix17-555x370.jpg 555w, https:\/\/aniaka.com\/wp-content\/uploads\/kwarcyt_matrix17.jpg 1080w\" sizes=\"auto, (max-width: 980px) 100vw, 980px\" \/><\/a>\n\t\t\t<\/div>\n\t\t\t\t<figcaption class='wp-caption-text gallery-caption' id='gallery-1-1044'>\n\t\t\t\tKwarcyt\u00a0Matrix\n\t\t\t\t<\/figcaption><\/figure><figure class='gallery-item'>\n\t\t\t<div class='gallery-icon landscape'>\n\t\t\t\t<a href='https:\/\/aniaka.com\/wp-content\/uploads\/kwarcyt_matrix31.jpg'><img loading=\"lazy\" decoding=\"async\" width=\"980\" height=\"654\" src=\"https:\/\/aniaka.com\/wp-content\/uploads\/kwarcyt_matrix31-1024x683.jpg\" class=\"attachment-large size-large\" alt=\"Kwarcyt\u00a0Matrix\" aria-describedby=\"gallery-1-1058\" srcset=\"https:\/\/aniaka.com\/wp-content\/uploads\/kwarcyt_matrix31-1024x683.jpg 1024w, https:\/\/aniaka.com\/wp-content\/uploads\/kwarcyt_matrix31-500x333.jpg 500w, https:\/\/aniaka.com\/wp-content\/uploads\/kwarcyt_matrix31-768x512.jpg 768w, https:\/\/aniaka.com\/wp-content\/uploads\/kwarcyt_matrix31-750x500.jpg 750w, https:\/\/aniaka.com\/wp-content\/uploads\/kwarcyt_matrix31-555x370.jpg 555w, https:\/\/aniaka.com\/wp-content\/uploads\/kwarcyt_matrix31.jpg 1080w\" sizes=\"auto, (max-width: 980px) 100vw, 980px\" \/><\/a>\n\t\t\t<\/div>\n\t\t\t\t<figcaption class='wp-caption-text gallery-caption' id='gallery-1-1058'>\n\t\t\t\tKwarcyt\u00a0Matrix\n\t\t\t\t<\/figcaption><\/figure><figure class='gallery-item'>\n\t\t\t<div class='gallery-icon landscape'>\n\t\t\t\t<a href='https:\/\/aniaka.com\/wp-content\/uploads\/kwarcyt_matrix16.jpg'><img loading=\"lazy\" decoding=\"async\" width=\"980\" height=\"654\" src=\"https:\/\/aniaka.com\/wp-content\/uploads\/kwarcyt_matrix16-1024x683.jpg\" class=\"attachment-large size-large\" alt=\"Kwarcyt\u00a0Matrix\" aria-describedby=\"gallery-1-1043\" srcset=\"https:\/\/aniaka.com\/wp-content\/uploads\/kwarcyt_matrix16-1024x683.jpg 1024w, https:\/\/aniaka.com\/wp-content\/uploads\/kwarcyt_matrix16-500x333.jpg 500w, https:\/\/aniaka.com\/wp-content\/uploads\/kwarcyt_matrix16-768x512.jpg 768w, https:\/\/aniaka.com\/wp-content\/uploads\/kwarcyt_matrix16-750x500.jpg 750w, https:\/\/aniaka.com\/wp-content\/uploads\/kwarcyt_matrix16-555x370.jpg 555w, https:\/\/aniaka.com\/wp-content\/uploads\/kwarcyt_matrix16.jpg 1080w\" sizes=\"auto, (max-width: 980px) 100vw, 980px\" \/><\/a>\n\t\t\t<\/div>\n\t\t\t\t<figcaption class='wp-caption-text gallery-caption' id='gallery-1-1043'>\n\t\t\t\tKwarcyt\u00a0Matrix\n\t\t\t\t<\/figcaption><\/figure><figure class='gallery-item'>\n\t\t\t<div class='gallery-icon landscape'>\n\t\t\t\t<a href='https:\/\/aniaka.com\/wp-content\/uploads\/kwarcyt_matrix26.jpg'><img loading=\"lazy\" decoding=\"async\" width=\"980\" height=\"654\" src=\"https:\/\/aniaka.com\/wp-content\/uploads\/kwarcyt_matrix26-1024x683.jpg\" class=\"attachment-large size-large\" alt=\"Kwarcyt\u00a0Matrix\" aria-describedby=\"gallery-1-1053\" srcset=\"https:\/\/aniaka.com\/wp-content\/uploads\/kwarcyt_matrix26-1024x683.jpg 1024w, https:\/\/aniaka.com\/wp-content\/uploads\/kwarcyt_matrix26-500x333.jpg 500w, https:\/\/aniaka.com\/wp-content\/uploads\/kwarcyt_matrix26-768x512.jpg 768w, https:\/\/aniaka.com\/wp-content\/uploads\/kwarcyt_matrix26-750x500.jpg 750w, https:\/\/aniaka.com\/wp-content\/uploads\/kwarcyt_matrix26-555x370.jpg 555w, https:\/\/aniaka.com\/wp-content\/uploads\/kwarcyt_matrix26.jpg 1080w\" sizes=\"auto, (max-width: 980px) 100vw, 980px\" \/><\/a>\n\t\t\t<\/div>\n\t\t\t\t<figcaption class='wp-caption-text gallery-caption' id='gallery-1-1053'>\n\t\t\t\tKwarcyt\u00a0Matrix\n\t\t\t\t<\/figcaption><\/figure><figure class='gallery-item'>\n\t\t\t<div class='gallery-icon landscape'>\n\t\t\t\t<a href='https:\/\/aniaka.com\/wp-content\/uploads\/kwarcyt_matrix12.jpg'><img loading=\"lazy\" decoding=\"async\" width=\"980\" height=\"654\" src=\"https:\/\/aniaka.com\/wp-content\/uploads\/kwarcyt_matrix12-1024x683.jpg\" class=\"attachment-large size-large\" alt=\"Kwarcyt\u00a0Matrix\" aria-describedby=\"gallery-1-1039\" srcset=\"https:\/\/aniaka.com\/wp-content\/uploads\/kwarcyt_matrix12-1024x683.jpg 1024w, https:\/\/aniaka.com\/wp-content\/uploads\/kwarcyt_matrix12-500x333.jpg 500w, https:\/\/aniaka.com\/wp-content\/uploads\/kwarcyt_matrix12-768x512.jpg 768w, https:\/\/aniaka.com\/wp-content\/uploads\/kwarcyt_matrix12-750x500.jpg 750w, https:\/\/aniaka.com\/wp-content\/uploads\/kwarcyt_matrix12-555x370.jpg 555w, https:\/\/aniaka.com\/wp-content\/uploads\/kwarcyt_matrix12.jpg 1080w\" sizes=\"auto, (max-width: 980px) 100vw, 980px\" \/><\/a>\n\t\t\t<\/div>\n\t\t\t\t<figcaption class='wp-caption-text gallery-caption' id='gallery-1-1039'>\n\t\t\t\tKwarcyt\u00a0Matrix\n\t\t\t\t<\/figcaption><\/figure><figure class='gallery-item'>\n\t\t\t<div class='gallery-icon landscape'>\n\t\t\t\t<a href='https:\/\/aniaka.com\/wp-content\/uploads\/kwarcyt_matrix21.jpg'><img loading=\"lazy\" decoding=\"async\" width=\"980\" height=\"654\" src=\"https:\/\/aniaka.com\/wp-content\/uploads\/kwarcyt_matrix21-1024x683.jpg\" class=\"attachment-large size-large\" alt=\"Kwarcyt\u00a0Matrix\" aria-describedby=\"gallery-1-1048\" srcset=\"https:\/\/aniaka.com\/wp-content\/uploads\/kwarcyt_matrix21-1024x683.jpg 1024w, https:\/\/aniaka.com\/wp-content\/uploads\/kwarcyt_matrix21-500x333.jpg 500w, https:\/\/aniaka.com\/wp-content\/uploads\/kwarcyt_matrix21-768x512.jpg 768w, https:\/\/aniaka.com\/wp-content\/uploads\/kwarcyt_matrix21-750x500.jpg 750w, https:\/\/aniaka.com\/wp-content\/uploads\/kwarcyt_matrix21-555x370.jpg 555w, https:\/\/aniaka.com\/wp-content\/uploads\/kwarcyt_matrix21.jpg 1080w\" sizes=\"auto, (max-width: 980px) 100vw, 980px\" \/><\/a>\n\t\t\t<\/div>\n\t\t\t\t<figcaption class='wp-caption-text gallery-caption' id='gallery-1-1048'>\n\t\t\t\tKwarcyt\u00a0Matrix\n\t\t\t\t<\/figcaption><\/figure>\n\t\t<\/div>\n\n","protected":false},"excerpt":{"rendered":"<p>Quartzite\u00a0Matrix<\/p>\n","protected":false},"featured_media":1616,"template":"","meta":[],"product_brand":[],"product_cat":[21,28],"product_tag":[],"class_list":{"0":"post-1615","1":"product","2":"type-product","3":"status-publish","4":"has-post-thumbnail","6":"product_cat-kwarcyt","7":"product_cat-brazylia","8":"pa_forma-bloki","9":"pa_material-kwarcyt","10":"pa_pochodzenie-brazylia","12":"first","13":"onbackorder","14":"taxable","15":"shipping-taxable","16":"purchasable","17":"product-type-variable","18":"has-default-attributes"},"_links":{"self":[{"href":"https:\/\/aniaka.com\/en\/wp-json\/wp\/v2\/product\/1615\/"}],"collection":[{"href":"https:\/\/aniaka.com\/en\/wp-json\/wp\/v2\/product\/"}],"about":[{"href":"https:\/\/aniaka.com\/en\/wp-json\/wp\/v2\/types\/product\/"}],"wp:featuredmedia":[{"embeddable":true,"href":"https:\/\/aniaka.com\/en\/wp-json\/wp\/v2\/media\/1616\/"}],"wp:attachment":[{"href":"https:\/\/aniaka.com\/en\/wp-json\/wp\/v2\/media\/?parent=1615"}],"wp:term":[{"taxonomy":"product_brand","embeddable":true,"href":"https:\/\/aniaka.com\/en\/wp-json\/wp\/v2\/product_brand\/?post=1615"},{"taxonomy":"product_cat","embeddable":true,"href":"https:\/\/aniaka.com\/en\/wp-json\/wp\/v2\/product_cat\/?post=1615"},{"taxonomy":"product_tag","embeddable":true,"href":"https:\/\/aniaka.com\/en\/wp-json\/wp\/v2\/product_tag\/?post=1615"}],"curies":[{"name":"wp","href":"https:\/\/api.w.org\/{rel}","templated":true}]}}