{"id":1605,"date":"2019-01-07T23:55:05","date_gmt":"2019-01-07T22:55:05","guid":{"rendered":"http:\/\/aniaka.com\/oferta\/quartzite-maverick\/"},"modified":"2019-01-13T22:05:21","modified_gmt":"2019-01-13T21:05:21","slug":"quartzite-maverick","status":"publish","type":"product","link":"https:\/\/aniaka.com\/en\/oferta\/quartzite-maverick\/","title":{"rendered":"Quartzite Maverick"},"content":{"rendered":"<h1>Quartzite Maverick<\/h1>\n<p>available in blocks.<\/p>\n<h2 id=\"tablepress-26-name\" class=\"tablepress-table-name tablepress-table-name-id-26\">W\u0142a\u015bciwo\u015bci kwarcytu Maverick<\/h2>\n\n<table id=\"tablepress-26\" class=\"tablepress tablepress-id-26\" aria-labelledby=\"tablepress-26-name\">\n<thead>\n<tr class=\"row-1\">\n\t<th class=\"column-1\">W\u0141A\u015aCIWO\u015aCI<\/th><th class=\"column-2\">JEDNOSTKA<\/th><th class=\"column-3\">WYNIK<\/th>\n<\/tr>\n<\/thead>\n<tbody class=\"row-striping row-hover\">\n<tr class=\"row-2\">\n\t<td class=\"column-1\">Absorpcja wody<\/td><td class=\"column-2\">(%)<\/td><td class=\"column-3\">0,59<\/td>\n<\/tr>\n<tr class=\"row-3\">\n\t<td class=\"column-1\">Pozorna sucha g\u0119sto\u015b\u0107<\/td><td class=\"column-2\">(kg\/m\u00b3)<\/td><td class=\"column-3\">2586<\/td>\n<\/tr>\n<tr class=\"row-4\">\n\t<td class=\"column-1\">Wytrzyma\u0142o\u015b\u0107 na \u015bciskanie<\/td><td class=\"column-2\">(Mpa)<\/td><td class=\"column-3\">96<\/td>\n<\/tr>\n<tr class=\"row-5\">\n\t<td class=\"column-1\">Wytrzyma\u0142o\u015b\u0107 na zginanie<\/td><td class=\"column-2\">(Mpa)<\/td><td class=\"column-3\">3,30<\/td>\n<\/tr>\n<tr class=\"row-6\">\n\t<td class=\"column-1\">Wytrzyma\u0142o\u015b\u0107 na \u015bcieranie<\/td><td class=\"column-2\">(cm\u00b3\/cm\u00b2)<\/td><td class=\"column-3\">0,011<\/td>\n<\/tr>\n<\/tbody>\n<\/table>\n<!-- #tablepress-26 from cache -->\n","protected":false},"excerpt":{"rendered":"<p>Quartzite Maverick<\/p>\n","protected":false},"featured_media":1613,"template":"","meta":[],"product_brand":[],"product_cat":[21,28],"product_tag":[],"class_list":{"0":"post-1605","1":"product","2":"type-product","3":"status-publish","4":"has-post-thumbnail","6":"product_cat-kwarcyt","7":"product_cat-brazylia","8":"pa_forma-bloki","9":"pa_material-kwarcyt","10":"pa_pochodzenie-brazylia","12":"first","13":"onbackorder","14":"taxable","15":"shipping-taxable","16":"purchasable","17":"product-type-variable","18":"has-default-attributes"},"_links":{"self":[{"href":"https:\/\/aniaka.com\/en\/wp-json\/wp\/v2\/product\/1605\/"}],"collection":[{"href":"https:\/\/aniaka.com\/en\/wp-json\/wp\/v2\/product\/"}],"about":[{"href":"https:\/\/aniaka.com\/en\/wp-json\/wp\/v2\/types\/product\/"}],"wp:featuredmedia":[{"embeddable":true,"href":"https:\/\/aniaka.com\/en\/wp-json\/wp\/v2\/media\/1613\/"}],"wp:attachment":[{"href":"https:\/\/aniaka.com\/en\/wp-json\/wp\/v2\/media\/?parent=1605"}],"wp:term":[{"taxonomy":"product_brand","embeddable":true,"href":"https:\/\/aniaka.com\/en\/wp-json\/wp\/v2\/product_brand\/?post=1605"},{"taxonomy":"product_cat","embeddable":true,"href":"https:\/\/aniaka.com\/en\/wp-json\/wp\/v2\/product_cat\/?post=1605"},{"taxonomy":"product_tag","embeddable":true,"href":"https:\/\/aniaka.com\/en\/wp-json\/wp\/v2\/product_tag\/?post=1605"}],"curies":[{"name":"wp","href":"https:\/\/api.w.org\/{rel}","templated":true}]}}